 {"id":4219,"date":"2019-02-26T14:40:11","date_gmt":"2019-02-26T13:40:11","guid":{"rendered":"https:\/\/servitotal.com\/costarica\/?page_id=4219"},"modified":"2025-05-06T20:51:49","modified_gmt":"2025-05-06T18:51:49","slug":"quienes-somos","status":"publish","type":"page","link":"https:\/\/servitotal.com\/costarica\/quienes-somos\/","title":{"rendered":"QUI\u00c9NES SOMOS"},"content":{"rendered":"\t\t<div data-elementor-type=\"wp-post\" data-elementor-id=\"4219\" class=\"elementor elementor-4219\" data-elementor-post-type=\"page\">\n\t\t\t\t\t\t<section class=\"elementor-section elementor-top-section elementor-element elementor-element-47eb48e elementor-section-full_width elementor-section-content-middle elementor-section-stretched elementor-section-height-default elementor-section-height-default\" data-id=\"47eb48e\" data-element_type=\"section\" data-e-type=\"section\" data-settings=\"{&quot;background_background&quot;:&quot;classic&quot;,&quot;stretch_section&quot;:&quot;section-stretched&quot;}\">\n\t\t\t\t\t\t<div class=\"elementor-container elementor-column-gap-no\">\n\t\t\t\t\t<div class=\"elementor-column elementor-col-100 elementor-top-column elementor-element elementor-element-e6ab1dd\" data-id=\"e6ab1dd\" data-element_type=\"column\" data-e-type=\"column\">\n\t\t\t<div class=\"elementor-widget-wrap elementor-element-populated\">\n\t\t\t\t\t\t<div class=\"elementor-element elementor-element-c91562d elementor-widget elementor-widget-heading\" data-id=\"c91562d\" data-element_type=\"widget\" data-e-type=\"widget\" data-widget_type=\"heading.default\">\n\t\t\t\t<div class=\"elementor-widget-container\">\n\t\t\t\t\t<h2 class=\"elementor-heading-title elementor-size-default\">\u00bfQUI\u00c9NES SOMOS?<\/h2>\t\t\t\t<\/div>\n\t\t\t\t<\/div>\n\t\t\t\t\t<\/div>\n\t\t<\/div>\n\t\t\t\t\t<\/div>\n\t\t<\/section>\n\t\t\t\t<section class=\"elementor-section elementor-top-section elementor-element elementor-element-92d598d elementor-section-boxed elementor-section-height-default elementor-section-height-default\" data-id=\"92d598d\" data-element_type=\"section\" data-e-type=\"section\">\n\t\t\t\t\t\t<div class=\"elementor-container elementor-column-gap-default\">\n\t\t\t\t\t<div class=\"elementor-column elementor-col-100 elementor-top-column elementor-element elementor-element-308915b\" data-id=\"308915b\" data-element_type=\"column\" data-e-type=\"column\">\n\t\t\t<div class=\"elementor-widget-wrap elementor-element-populated\">\n\t\t\t\t\t\t<div class=\"elementor-element elementor-element-153d1f6 elementor-widget elementor-widget-text-editor\" data-id=\"153d1f6\" data-element_type=\"widget\" data-e-type=\"widget\" data-widget_type=\"text-editor.default\">\n\t\t\t\t<div class=\"elementor-widget-container\">\n\t\t\t\t\t\t\t\t\t<p>SERVITOTAL es una cadena de Centros de Servicio T\u00e9cnico ubicados en la Regi\u00f3n Centroamericana que brinda servicios t\u00e9cnicos en reparaci\u00f3n de art\u00edculos para el hogar y electrodom\u00e9sticos a trav\u00e9s de una atenci\u00f3n confiable para nuestros clientes.<\/p>\t\t\t\t\t\t\t\t<\/div>\n\t\t\t\t<\/div>\n\t\t\t\t\t<\/div>\n\t\t<\/div>\n\t\t\t\t\t<\/div>\n\t\t<\/section>\n\t\t\t\t<section class=\"elementor-section elementor-top-section elementor-element elementor-element-e2b04c7 elementor-section-boxed elementor-section-height-default elementor-section-height-default\" data-id=\"e2b04c7\" data-element_type=\"section\" data-e-type=\"section\">\n\t\t\t\t\t\t<div class=\"elementor-container elementor-column-gap-default\">\n\t\t\t\t\t<div class=\"elementor-column elementor-col-100 elementor-top-column elementor-element elementor-element-6b12b0d\" data-id=\"6b12b0d\" data-element_type=\"column\" data-e-type=\"column\">\n\t\t\t<div class=\"elementor-widget-wrap elementor-element-populated\">\n\t\t\t\t\t\t<div class=\"elementor-element elementor-element-8b575a0 elementor-widget elementor-widget-video\" data-id=\"8b575a0\" data-element_type=\"widget\" data-e-type=\"widget\" data-settings=\"{&quot;video_type&quot;:&quot;vimeo&quot;}\" data-widget_type=\"video.default\">\n\t\t\t\t<div class=\"elementor-widget-container\">\n\t\t\t\t\t\t\t<div class=\"elementor-wrapper elementor-open-inline\">\n\t\t\t<iframe class=\"elementor-video-iframe\" allowfullscreen allow=\"clipboard-write\" title=\"Reproductor de v\u00eddeo vimeo\" src=\"https:\/\/player.vimeo.com\/video\/395567891?color&amp;autopause=0&amp;loop=0&amp;muted=0&amp;title=1&amp;portrait=1&amp;byline=1#t=\"><\/iframe>\t\t<\/div>\n\t\t\t\t\t\t<\/div>\n\t\t\t\t<\/div>\n\t\t\t\t\t<\/div>\n\t\t<\/div>\n\t\t\t\t\t<\/div>\n\t\t<\/section>\n\t\t\t\t<section class=\"elementor-section elementor-top-section elementor-element elementor-element-22ce5fd elementor-section-boxed elementor-section-height-default elementor-section-height-default\" data-id=\"22ce5fd\" data-element_type=\"section\" data-e-type=\"section\">\n\t\t\t\t\t\t<div class=\"elementor-container elementor-column-gap-default\">\n\t\t\t\t\t<div class=\"elementor-column elementor-col-100 elementor-top-column elementor-element elementor-element-bb56285\" data-id=\"bb56285\" data-element_type=\"column\" data-e-type=\"column\">\n\t\t\t<div class=\"elementor-widget-wrap elementor-element-populated\">\n\t\t\t\t\t\t<section class=\"elementor-section elementor-inner-section elementor-element elementor-element-1e684f0 elementor-section-boxed elementor-section-height-default elementor-section-height-default\" data-id=\"1e684f0\" data-element_type=\"section\" data-e-type=\"section\">\n\t\t\t\t\t\t<div class=\"elementor-container elementor-column-gap-default\">\n\t\t\t\t\t<div class=\"elementor-column elementor-col-50 elementor-inner-column elementor-element elementor-element-d8b9fc5\" data-id=\"d8b9fc5\" data-element_type=\"column\" data-e-type=\"column\">\n\t\t\t<div class=\"elementor-widget-wrap elementor-element-populated\">\n\t\t\t\t\t\t<div class=\"elementor-element elementor-element-3c1a2f9 elementor-position-top elementor-widget elementor-widget-image-box\" data-id=\"3c1a2f9\" data-element_type=\"widget\" data-e-type=\"widget\" data-widget_type=\"image-box.default\">\n\t\t\t\t<div class=\"elementor-widget-container\">\n\t\t\t\t\t<div class=\"elementor-image-box-wrapper\"><figure class=\"elementor-image-box-img\"><img decoding=\"async\" width=\"105\" height=\"105\" src=\"https:\/\/servitotal.com\/costarica\/wp-content\/uploads\/sites\/14\/2019\/02\/mision.png\" class=\"attachment-full size-full wp-image-4249\" alt=\"\" \/><\/figure><div class=\"elementor-image-box-content\"><h3 class=\"elementor-image-box-title\">MISI\u00d3N<\/h3><p class=\"elementor-image-box-description\">Enfocados en la filosof\u00eda de servicio al cliente, la excelencia en la calidad y la rentabilidad, promovemos el desarrollo de nuestra gente y grantizamos la satisfacci\u00f3n total de \nnuestros clientes.<\/p><\/div><\/div>\t\t\t\t<\/div>\n\t\t\t\t<\/div>\n\t\t\t\t\t<\/div>\n\t\t<\/div>\n\t\t\t\t<div class=\"elementor-column elementor-col-50 elementor-inner-column elementor-element elementor-element-c0f1b1e\" data-id=\"c0f1b1e\" data-element_type=\"column\" data-e-type=\"column\">\n\t\t\t<div class=\"elementor-widget-wrap elementor-element-populated\">\n\t\t\t\t\t\t<div class=\"elementor-element elementor-element-6cd9c05 elementor-position-top elementor-widget elementor-widget-image-box\" data-id=\"6cd9c05\" data-element_type=\"widget\" data-e-type=\"widget\" data-widget_type=\"image-box.default\">\n\t\t\t\t<div class=\"elementor-widget-container\">\n\t\t\t\t\t<div class=\"elementor-image-box-wrapper\"><figure class=\"elementor-image-box-img\"><img decoding=\"async\" width=\"105\" height=\"105\" src=\"https:\/\/servitotal.com\/costarica\/wp-content\/uploads\/sites\/14\/2019\/02\/vision.png\" class=\"attachment-full size-full wp-image-4250\" alt=\"\" \/><\/figure><div class=\"elementor-image-box-content\"><h3 class=\"elementor-image-box-title\">VISI\u00d3N<\/h3><p class=\"elementor-image-box-description\">Ser la cadena de Centro de Servicio T\u00e9cnico l\u00edderes en la Regi\u00f3n Centroamericana en servicios t\u00e9cnicos de art\u00edculo para el hogar a trav\u00e9s de una atenci\u00f3n eficiente y confiable que supere las expectativas de nuestros clientes.<\/p><\/div><\/div>\t\t\t\t<\/div>\n\t\t\t\t<\/div>\n\t\t\t\t\t<\/div>\n\t\t<\/div>\n\t\t\t\t\t<\/div>\n\t\t<\/section>\n\t\t\t\t\t<\/div>\n\t\t<\/div>\n\t\t\t\t\t<\/div>\n\t\t<\/section>\n\t\t\t\t<section class=\"elementor-section elementor-top-section elementor-element elementor-element-a5730d0 elementor-section-boxed elementor-section-height-default elementor-section-height-default\" data-id=\"a5730d0\" data-element_type=\"section\" data-e-type=\"section\">\n\t\t\t\t\t\t<div class=\"elementor-container elementor-column-gap-default\">\n\t\t\t\t\t<div class=\"elementor-column elementor-col-100 elementor-top-column elementor-element elementor-element-76bdb67\" data-id=\"76bdb67\" data-element_type=\"column\" data-e-type=\"column\">\n\t\t\t<div class=\"elementor-widget-wrap elementor-element-populated\">\n\t\t\t\t\t\t<div class=\"elementor-element elementor-element-7484f94 elementor-widget elementor-widget-heading\" data-id=\"7484f94\" data-element_type=\"widget\" data-e-type=\"widget\" data-widget_type=\"heading.default\">\n\t\t\t\t<div class=\"elementor-widget-container\">\n\t\t\t\t\t<h2 class=\"elementor-heading-title elementor-size-default\">SIRVIENDO DESDE 1947<\/h2>\t\t\t\t<\/div>\n\t\t\t\t<\/div>\n\t\t\t\t<div class=\"elementor-element elementor-element-7b32c7a elementor-widget elementor-widget-image\" data-id=\"7b32c7a\" data-element_type=\"widget\" data-e-type=\"widget\" data-widget_type=\"image.default\">\n\t\t\t\t<div class=\"elementor-widget-container\">\n\t\t\t\t\t\t\t\t\t\t\t\t\t\t\t<img fetchpriority=\"high\" decoding=\"async\" width=\"800\" height=\"348\" src=\"https:\/\/servitotal.com\/costarica\/wp-content\/uploads\/sites\/14\/2019\/03\/banner-suscribete-p3-1024x446.jpg\" class=\"attachment-large size-large wp-image-4802\" alt=\"\" srcset=\"https:\/\/servitotal.com\/costarica\/wp-content\/uploads\/sites\/14\/2019\/03\/banner-suscribete-p3-1024x446.jpg 1024w, https:\/\/servitotal.com\/costarica\/wp-content\/uploads\/sites\/14\/2019\/03\/banner-suscribete-p3-300x131.jpg 300w, https:\/\/servitotal.com\/costarica\/wp-content\/uploads\/sites\/14\/2019\/03\/banner-suscribete-p3-768x335.jpg 768w, https:\/\/servitotal.com\/costarica\/wp-content\/uploads\/sites\/14\/2019\/03\/banner-suscribete-p3.jpg 1310w\" sizes=\"(max-width: 800px) 100vw, 800px\" \/>\t\t\t\t\t\t\t\t\t\t\t\t\t\t\t<\/div>\n\t\t\t\t<\/div>\n\t\t\t\t\t<\/div>\n\t\t<\/div>\n\t\t\t\t\t<\/div>\n\t\t<\/section>\n\t\t\t\t<section class=\"elementor-section elementor-top-section elementor-element elementor-element-3cd3ccd elementor-section-boxed elementor-section-height-default elementor-section-height-default\" data-id=\"3cd3ccd\" data-element_type=\"section\" data-e-type=\"section\" data-settings=\"{&quot;background_background&quot;:&quot;gradient&quot;}\">\n\t\t\t\t\t\t<div class=\"elementor-container elementor-column-gap-default\">\n\t\t\t\t\t<div class=\"elementor-column elementor-col-100 elementor-top-column elementor-element elementor-element-44623cc\" data-id=\"44623cc\" data-element_type=\"column\" data-e-type=\"column\">\n\t\t\t<div class=\"elementor-widget-wrap elementor-element-populated\">\n\t\t\t\t\t\t<section class=\"elementor-section elementor-inner-section elementor-element elementor-element-6588f05 elementor-section-boxed elementor-section-height-default elementor-section-height-default\" data-id=\"6588f05\" data-element_type=\"section\" data-e-type=\"section\">\n\t\t\t\t\t\t<div class=\"elementor-container elementor-column-gap-default\">\n\t\t\t\t\t<div class=\"elementor-column elementor-col-50 elementor-inner-column elementor-element elementor-element-f81ea5e\" data-id=\"f81ea5e\" data-element_type=\"column\" data-e-type=\"column\">\n\t\t\t<div class=\"elementor-widget-wrap elementor-element-populated\">\n\t\t\t\t\t\t<div class=\"elementor-element elementor-element-e58fa72 elementor-widget elementor-widget-image\" data-id=\"e58fa72\" data-element_type=\"widget\" data-e-type=\"widget\" data-widget_type=\"image.default\">\n\t\t\t\t<div class=\"elementor-widget-container\">\n\t\t\t\t\t\t\t\t\t\t\t\t\t\t\t<img loading=\"lazy\" decoding=\"async\" width=\"586\" height=\"402\" src=\"https:\/\/servitotal.com\/costarica\/wp-content\/uploads\/sites\/14\/2019\/02\/tecnico.jpg\" class=\"attachment-large size-large wp-image-4258\" alt=\"\" \/>\t\t\t\t\t\t\t\t\t\t\t\t\t\t\t<\/div>\n\t\t\t\t<\/div>\n\t\t\t\t\t<\/div>\n\t\t<\/div>\n\t\t\t\t<div class=\"elementor-column elementor-col-50 elementor-inner-column elementor-element elementor-element-8e746e2\" data-id=\"8e746e2\" data-element_type=\"column\" data-e-type=\"column\">\n\t\t\t<div class=\"elementor-widget-wrap elementor-element-populated\">\n\t\t\t\t\t\t<div class=\"elementor-element elementor-element-9f65314 elementor-widget elementor-widget-heading\" data-id=\"9f65314\" data-element_type=\"widget\" data-e-type=\"widget\" data-widget_type=\"heading.default\">\n\t\t\t\t<div class=\"elementor-widget-container\">\n\t\t\t\t\t<h2 class=\"elementor-heading-title elementor-size-default\">NUESTROS VALORES<\/h2>\t\t\t\t<\/div>\n\t\t\t\t<\/div>\n\t\t\t\t<div class=\"elementor-element elementor-element-94d7eda elementor-widget elementor-widget-text-editor\" data-id=\"94d7eda\" data-element_type=\"widget\" data-e-type=\"widget\" data-widget_type=\"text-editor.default\">\n\t\t\t\t<div class=\"elementor-widget-container\">\n\t\t\t\t\t\t\t\t\t<ul>\n \t<li>Eficiencia<\/li>\n \t<li>Servicio al cliente<\/li>\n \t<li>Honestidad<\/li>\n \t<li>Integridad<\/li>\n \t<li>Responsabilidad<\/li>\n \t<li>Confiabilidad<\/li>\n        <li>Sinceridad<\/li>\n \t<li>Respeto<\/li>\n \t<li>Trabajo en equipo<\/li>\n \t<li>Actitud positiva<\/li>\n<\/ul>\t\t\t\t\t\t\t\t<\/div>\n\t\t\t\t<\/div>\n\t\t\t\t\t<\/div>\n\t\t<\/div>\n\t\t\t\t\t<\/div>\n\t\t<\/section>\n\t\t\t\t\t<\/div>\n\t\t<\/div>\n\t\t\t\t\t<\/div>\n\t\t<\/section>\n\t\t\t\t<section class=\"elementor-section elementor-top-section elementor-element elementor-element-da03a58 elementor-section-content-middle elementor-section-boxed elementor-section-height-default elementor-section-height-default\" data-id=\"da03a58\" data-element_type=\"section\" data-e-type=\"section\">\n\t\t\t\t\t\t<div class=\"elementor-container elementor-column-gap-no\">\n\t\t\t\t\t<div class=\"elementor-column elementor-col-100 elementor-top-column elementor-element elementor-element-50f2b1a9\" data-id=\"50f2b1a9\" data-element_type=\"column\" data-e-type=\"column\">\n\t\t\t<div class=\"elementor-widget-wrap elementor-element-populated\">\n\t\t\t\t\t\t<section class=\"elementor-section elementor-inner-section elementor-element elementor-element-213eca2d elementor-section-content-middle elementor-section-boxed elementor-section-height-default elementor-section-height-default\" data-id=\"213eca2d\" data-element_type=\"section\" data-e-type=\"section\">\n\t\t\t\t\t\t<div class=\"elementor-container elementor-column-gap-default\">\n\t\t\t\t\t<div class=\"elementor-column elementor-col-50 elementor-inner-column elementor-element elementor-element-65079068\" data-id=\"65079068\" data-element_type=\"column\" data-e-type=\"column\">\n\t\t\t<div class=\"elementor-widget-wrap elementor-element-populated\">\n\t\t\t\t\t\t<div class=\"elementor-element elementor-element-b6c8ce1 elementor-widget elementor-widget-image\" data-id=\"b6c8ce1\" data-element_type=\"widget\" data-e-type=\"widget\" data-widget_type=\"image.default\">\n\t\t\t\t<div class=\"elementor-widget-container\">\n\t\t\t\t\t\t\t\t\t\t\t\t\t\t\t\t<a href=\"https:\/\/servitotal.com\/costarica\/nuestros-servicios\">\n\t\t\t\t\t\t\t<img loading=\"lazy\" decoding=\"async\" width=\"379\" height=\"234\" src=\"https:\/\/servitotal.com\/costarica\/wp-content\/uploads\/sites\/14\/2019\/03\/ca1-contrata.jpg\" class=\"attachment-large size-large wp-image-4525\" alt=\"\" srcset=\"https:\/\/servitotal.com\/costarica\/wp-content\/uploads\/sites\/14\/2019\/03\/ca1-contrata.jpg 379w, https:\/\/servitotal.com\/costarica\/wp-content\/uploads\/sites\/14\/2019\/03\/ca1-contrata-300x185.jpg 300w\" sizes=\"(max-width: 379px) 100vw, 379px\" \/>\t\t\t\t\t\t\t\t<\/a>\n\t\t\t\t\t\t\t\t\t\t\t\t\t\t\t<\/div>\n\t\t\t\t<\/div>\n\t\t\t\t\t<\/div>\n\t\t<\/div>\n\t\t\t\t<div class=\"elementor-column elementor-col-50 elementor-inner-column elementor-element elementor-element-2851fa0f\" data-id=\"2851fa0f\" data-element_type=\"column\" data-e-type=\"column\">\n\t\t\t<div class=\"elementor-widget-wrap elementor-element-populated\">\n\t\t\t\t\t\t<div class=\"elementor-element elementor-element-dea71af elementor-widget elementor-widget-image\" data-id=\"dea71af\" data-element_type=\"widget\" data-e-type=\"widget\" data-widget_type=\"image.default\">\n\t\t\t\t<div class=\"elementor-widget-container\">\n\t\t\t\t\t\t\t\t\t\t\t\t\t\t\t\t<a href=\"https:\/\/servitotal.com\/repuestos\/\">\n\t\t\t\t\t\t\t<img loading=\"lazy\" decoding=\"async\" width=\"379\" height=\"234\" src=\"https:\/\/servitotal.com\/costarica\/wp-content\/uploads\/sites\/14\/2019\/03\/ca3-repuestos.jpg\" class=\"attachment-large size-large wp-image-4527\" alt=\"\" srcset=\"https:\/\/servitotal.com\/costarica\/wp-content\/uploads\/sites\/14\/2019\/03\/ca3-repuestos.jpg 379w, https:\/\/servitotal.com\/costarica\/wp-content\/uploads\/sites\/14\/2019\/03\/ca3-repuestos-300x185.jpg 300w\" sizes=\"(max-width: 379px) 100vw, 379px\" \/>\t\t\t\t\t\t\t\t<\/a>\n\t\t\t\t\t\t\t\t\t\t\t\t\t\t\t<\/div>\n\t\t\t\t<\/div>\n\t\t\t\t\t<\/div>\n\t\t<\/div>\n\t\t\t\t\t<\/div>\n\t\t<\/section>\n\t\t\t\t\t<\/div>\n\t\t<\/div>\n\t\t\t\t\t<\/div>\n\t\t<\/section>\n\t\t\t\t<\/div>\n\t\t","protected":false},"excerpt":{"rendered":"<p>\u00bfQUI\u00c9NES SOMOS? SERVITOTAL es una cadena de Centros de Servicio T\u00e9cnico ubicados en la Regi\u00f3n Centroamericana que brinda servicios t\u00e9cnicos en reparaci\u00f3n de art\u00edculos para el hogar y electrodom\u00e9sticos a trav\u00e9s de una atenci\u00f3n confiable para nuestros clientes. https:\/\/vimeo.com\/395567891 MISI\u00d3N Enfocados en la filosof\u00eda de servicio al cliente, la excelencia en la calidad y la&#8230;<\/p>\n","protected":false},"author":1,"featured_media":0,"parent":0,"menu_order":0,"comment_status":"closed","ping_status":"closed","template":"template\/template-full-width.php","meta":{"footnotes":""},"class_list":["post-4219","page","type-page","status-publish","hentry"],"_links":{"self":[{"href":"https:\/\/servitotal.com\/costarica\/wp-json\/wp\/v2\/pages\/4219","targetHints":{"allow":["GET"]}}],"collection":[{"href":"https:\/\/servitotal.com\/costarica\/wp-json\/wp\/v2\/pages"}],"about":[{"href":"https:\/\/servitotal.com\/costarica\/wp-json\/wp\/v2\/types\/page"}],"author":[{"embeddable":true,"href":"https:\/\/servitotal.com\/costarica\/wp-json\/wp\/v2\/users\/1"}],"replies":[{"embeddable":true,"href":"https:\/\/servitotal.com\/costarica\/wp-json\/wp\/v2\/comments?post=4219"}],"version-history":[{"count":49,"href":"https:\/\/servitotal.com\/costarica\/wp-json\/wp\/v2\/pages\/4219\/revisions"}],"predecessor-version":[{"id":8223,"href":"https:\/\/servitotal.com\/costarica\/wp-json\/wp\/v2\/pages\/4219\/revisions\/8223"}],"wp:attachment":[{"href":"https:\/\/servitotal.com\/costarica\/wp-json\/wp\/v2\/media?parent=4219"}],"curies":[{"name":"wp","href":"https:\/\/api.w.org\/{rel}","templated":true}]}}