 {"id":4421,"date":"2019-03-04T22:11:33","date_gmt":"2019-03-04T21:11:33","guid":{"rendered":"https:\/\/servitotal.com\/costarica\/?page_id=4421"},"modified":"2025-05-06T21:00:54","modified_gmt":"2025-05-06T19:00:54","slug":"centro-de-soluciones","status":"publish","type":"page","link":"https:\/\/servitotal.com\/costarica\/centro-de-soluciones\/","title":{"rendered":"SOLUCIONES"},"content":{"rendered":"\t\t<div data-elementor-type=\"wp-post\" data-elementor-id=\"4421\" class=\"elementor elementor-4421\" data-elementor-post-type=\"page\">\n\t\t\t\t\t\t<section class=\"elementor-section elementor-top-section elementor-element elementor-element-a6409ef elementor-section-full_width elementor-section-content-middle elementor-section-stretched elementor-section-height-default elementor-section-height-default\" data-id=\"a6409ef\" data-element_type=\"section\" data-e-type=\"section\" data-settings=\"{&quot;background_background&quot;:&quot;classic&quot;,&quot;stretch_section&quot;:&quot;section-stretched&quot;}\">\n\t\t\t\t\t\t<div class=\"elementor-container elementor-column-gap-no\">\n\t\t\t\t\t<div class=\"elementor-column elementor-col-100 elementor-top-column elementor-element elementor-element-a8b0e67\" data-id=\"a8b0e67\" data-element_type=\"column\" data-e-type=\"column\">\n\t\t\t<div class=\"elementor-widget-wrap elementor-element-populated\">\n\t\t\t\t\t\t<div class=\"elementor-element elementor-element-734f98f elementor-widget elementor-widget-heading\" data-id=\"734f98f\" data-element_type=\"widget\" data-e-type=\"widget\" data-widget_type=\"heading.default\">\n\t\t\t\t<div class=\"elementor-widget-container\">\n\t\t\t\t\t<h2 class=\"elementor-heading-title elementor-size-default\">CENTRO VIRTUAL DE SOLUCIONES<\/h2>\t\t\t\t<\/div>\n\t\t\t\t<\/div>\n\t\t\t\t\t<\/div>\n\t\t<\/div>\n\t\t\t\t\t<\/div>\n\t\t<\/section>\n\t\t\t\t<section class=\"elementor-section elementor-top-section elementor-element elementor-element-7c6e5919 elementor-section-boxed elementor-section-height-default elementor-section-height-default\" data-id=\"7c6e5919\" data-element_type=\"section\" data-e-type=\"section\">\n\t\t\t\t\t\t<div class=\"elementor-container elementor-column-gap-default\">\n\t\t\t\t\t<div class=\"elementor-column elementor-col-100 elementor-top-column elementor-element elementor-element-4cb6c722\" data-id=\"4cb6c722\" data-element_type=\"column\" data-e-type=\"column\">\n\t\t\t<div class=\"elementor-widget-wrap elementor-element-populated\">\n\t\t\t\t\t\t<div class=\"elementor-element elementor-element-495a56a2 elementor-posts--align-center elementor-grid-3 elementor-grid-tablet-2 elementor-grid-mobile-1 elementor-posts--thumbnail-top elementor-card-shadow-yes elementor-posts__hover-gradient elementor-widget elementor-widget-posts\" data-id=\"495a56a2\" data-element_type=\"widget\" data-e-type=\"widget\" data-settings=\"{&quot;pagination_type&quot;:&quot;numbers&quot;,&quot;cards_columns&quot;:&quot;3&quot;,&quot;cards_columns_tablet&quot;:&quot;2&quot;,&quot;cards_columns_mobile&quot;:&quot;1&quot;,&quot;cards_row_gap&quot;:{&quot;unit&quot;:&quot;px&quot;,&quot;size&quot;:35,&quot;sizes&quot;:[]},&quot;cards_row_gap_tablet&quot;:{&quot;unit&quot;:&quot;px&quot;,&quot;size&quot;:&quot;&quot;,&quot;sizes&quot;:[]},&quot;cards_row_gap_mobile&quot;:{&quot;unit&quot;:&quot;px&quot;,&quot;size&quot;:&quot;&quot;,&quot;sizes&quot;:[]}}\" data-widget_type=\"posts.cards\">\n\t\t\t\t<div class=\"elementor-widget-container\">\n\t\t\t\t\t\t\t<div class=\"elementor-posts-container elementor-posts elementor-posts--skin-cards elementor-grid\" role=\"list\">\n\t\t\t\t<article class=\"elementor-post elementor-grid-item post-5848 post type-post status-publish format-standard has-post-thumbnail hentry category-refrigerador\" role=\"listitem\">\n\t\t\t<div class=\"elementor-post__card\">\n\t\t\t\t<a class=\"elementor-post__thumbnail__link\" href=\"https:\/\/servitotal.com\/costarica\/reemplaza-tu-filtro-de-agua\/\" tabindex=\"-1\" ><div class=\"elementor-post__thumbnail\"><img fetchpriority=\"high\" decoding=\"async\" width=\"523\" height=\"290\" src=\"https:\/\/servitotal.com\/costarica\/wp-content\/uploads\/sites\/14\/2019\/05\/nuevo-refrigerador.png\" class=\"attachment-full size-full wp-image-5100\" alt=\"\" srcset=\"https:\/\/servitotal.com\/costarica\/wp-content\/uploads\/sites\/14\/2019\/05\/nuevo-refrigerador.png 523w, https:\/\/servitotal.com\/costarica\/wp-content\/uploads\/sites\/14\/2019\/05\/nuevo-refrigerador-300x166.png 300w\" sizes=\"(max-width: 523px) 100vw, 523px\" \/><\/div><\/a>\n\t\t\t\t<div class=\"elementor-post__badge\">Refrigerador<\/div>\n\t\t\t\t<div class=\"elementor-post__text\">\n\t\t\t\t<h3 class=\"elementor-post__title\">\n\t\t\t<a href=\"https:\/\/servitotal.com\/costarica\/reemplaza-tu-filtro-de-agua\/\" >\n\t\t\t\tReemplaza tu filtro de agua\u200b\t\t\t<\/a>\n\t\t<\/h3>\n\t\t\t\t<div class=\"elementor-post__excerpt\">\n\t\t\t<p>Reemplaza tu filtro de agua Obt\u00e9n siempre agua fresca siguiendo estos consejos https:\/\/vimeo.com\/478657031 VER M\u00c1S<\/p>\n\t\t<\/div>\n\t\t\t\t<\/div>\n\t\t\t\t<div class=\"elementor-post__meta-data\">\n\t\t\t\t\t<span class=\"elementor-post-date\">\n\t\t\t15 diciembre, 2020\t\t<\/span>\n\t\t\t\t<\/div>\n\t\t\t\t\t<\/div>\n\t\t<\/article>\n\t\t\t\t<article class=\"elementor-post elementor-grid-item post-5719 post type-post status-publish format-standard has-post-thumbnail hentry category-lavadoras\" role=\"listitem\">\n\t\t\t<div class=\"elementor-post__card\">\n\t\t\t\t<a class=\"elementor-post__thumbnail__link\" href=\"https:\/\/servitotal.com\/costarica\/instala-tu-lavadora\/\" tabindex=\"-1\" ><div class=\"elementor-post__thumbnail\"><img decoding=\"async\" width=\"598\" height=\"333\" src=\"https:\/\/servitotal.com\/costarica\/wp-content\/uploads\/sites\/14\/2020\/07\/lavadoras-1.jpg\" class=\"attachment-full size-full wp-image-5726\" alt=\"\" srcset=\"https:\/\/servitotal.com\/costarica\/wp-content\/uploads\/sites\/14\/2020\/07\/lavadoras-1.jpg 598w, https:\/\/servitotal.com\/costarica\/wp-content\/uploads\/sites\/14\/2020\/07\/lavadoras-1-300x167.jpg 300w\" sizes=\"(max-width: 598px) 100vw, 598px\" \/><\/div><\/a>\n\t\t\t\t<div class=\"elementor-post__badge\">Lavadoras<\/div>\n\t\t\t\t<div class=\"elementor-post__text\">\n\t\t\t\t<h3 class=\"elementor-post__title\">\n\t\t\t<a href=\"https:\/\/servitotal.com\/costarica\/instala-tu-lavadora\/\" >\n\t\t\t\tInstal\u00e1 tu lavadora\t\t\t<\/a>\n\t\t<\/h3>\n\t\t\t\t<div class=\"elementor-post__excerpt\">\n\t\t\t<p>\u00a1Instal\u00e1 tu lavadora! \u00a1Instalar tu lavadora es facil siguendo estos consejos!&nbsp; VER M\u00c1S<\/p>\n\t\t<\/div>\n\t\t\t\t<\/div>\n\t\t\t\t<div class=\"elementor-post__meta-data\">\n\t\t\t\t\t<span class=\"elementor-post-date\">\n\t\t\t3 julio, 2020\t\t<\/span>\n\t\t\t\t<\/div>\n\t\t\t\t\t<\/div>\n\t\t<\/article>\n\t\t\t\t<article class=\"elementor-post elementor-grid-item post-5619 post type-post status-publish format-standard has-post-thumbnail hentry category-pantallas\" role=\"listitem\">\n\t\t\t<div class=\"elementor-post__card\">\n\t\t\t\t<a class=\"elementor-post__thumbnail__link\" href=\"https:\/\/servitotal.com\/costarica\/instala-tu-pantalla\/\" tabindex=\"-1\" ><div class=\"elementor-post__thumbnail\"><img decoding=\"async\" width=\"503\" height=\"238\" src=\"https:\/\/servitotal.com\/costarica\/wp-content\/uploads\/sites\/14\/2020\/05\/2020-05-07_1616.png\" class=\"attachment-full size-full wp-image-5623\" alt=\"\" srcset=\"https:\/\/servitotal.com\/costarica\/wp-content\/uploads\/sites\/14\/2020\/05\/2020-05-07_1616.png 503w, https:\/\/servitotal.com\/costarica\/wp-content\/uploads\/sites\/14\/2020\/05\/2020-05-07_1616-300x142.png 300w\" sizes=\"(max-width: 503px) 100vw, 503px\" \/><\/div><\/a>\n\t\t\t\t<div class=\"elementor-post__badge\">Pantallas<\/div>\n\t\t\t\t<div class=\"elementor-post__text\">\n\t\t\t\t<h3 class=\"elementor-post__title\">\n\t\t\t<a href=\"https:\/\/servitotal.com\/costarica\/instala-tu-pantalla\/\" >\n\t\t\t\tInstal\u00e1 tu pantalla\t\t\t<\/a>\n\t\t<\/h3>\n\t\t\t\t<div class=\"elementor-post__excerpt\">\n\t\t\t<p>Instal\u00e1 tu pantalla Instalar tu pantalla es f\u00e1cil cuando sigues estos sencillos pasos que te compartimos en ServiTotal.&nbsp; VER M\u00c1S<\/p>\n\t\t<\/div>\n\t\t\t\t<\/div>\n\t\t\t\t<div class=\"elementor-post__meta-data\">\n\t\t\t\t\t<span class=\"elementor-post-date\">\n\t\t\t8 mayo, 2020\t\t<\/span>\n\t\t\t\t<\/div>\n\t\t\t\t\t<\/div>\n\t\t<\/article>\n\t\t\t\t<article class=\"elementor-post elementor-grid-item post-5605 post type-post status-publish format-standard has-post-thumbnail hentry category-refrigerador\" role=\"listitem\">\n\t\t\t<div class=\"elementor-post__card\">\n\t\t\t\t<a class=\"elementor-post__thumbnail__link\" href=\"https:\/\/servitotal.com\/costarica\/instala-tu-refri\/\" tabindex=\"-1\" ><div class=\"elementor-post__thumbnail\"><img loading=\"lazy\" decoding=\"async\" width=\"493\" height=\"287\" src=\"https:\/\/servitotal.com\/costarica\/wp-content\/uploads\/sites\/14\/2020\/05\/regris.jpg\" class=\"attachment-full size-full wp-image-5611\" alt=\"\" srcset=\"https:\/\/servitotal.com\/costarica\/wp-content\/uploads\/sites\/14\/2020\/05\/regris.jpg 493w, https:\/\/servitotal.com\/costarica\/wp-content\/uploads\/sites\/14\/2020\/05\/regris-300x175.jpg 300w\" sizes=\"(max-width: 493px) 100vw, 493px\" \/><\/div><\/a>\n\t\t\t\t<div class=\"elementor-post__badge\">Refrigerador<\/div>\n\t\t\t\t<div class=\"elementor-post__text\">\n\t\t\t\t<h3 class=\"elementor-post__title\">\n\t\t\t<a href=\"https:\/\/servitotal.com\/costarica\/instala-tu-refri\/\" >\n\t\t\t\tInstal\u00e1 tu refrigeradora\t\t\t<\/a>\n\t\t<\/h3>\n\t\t\t\t<div class=\"elementor-post__excerpt\">\n\t\t\t<p>Instal\u00e1 tu refrigeradora Instalar tu refri es f\u00e1cil cuando sigues estos sencillos pasos que te compartimos en ServiTotal.&nbsp; VER M\u00c1S<\/p>\n\t\t<\/div>\n\t\t\t\t<\/div>\n\t\t\t\t<div class=\"elementor-post__meta-data\">\n\t\t\t\t\t<span class=\"elementor-post-date\">\n\t\t\t4 mayo, 2020\t\t<\/span>\n\t\t\t\t<\/div>\n\t\t\t\t\t<\/div>\n\t\t<\/article>\n\t\t\t\t<article class=\"elementor-post elementor-grid-item post-5493 post type-post status-publish format-standard has-post-thumbnail hentry category-smartphones\" role=\"listitem\">\n\t\t\t<div class=\"elementor-post__card\">\n\t\t\t\t<a class=\"elementor-post__thumbnail__link\" href=\"https:\/\/servitotal.com\/costarica\/nuevo-telefono-detenete-un-momento\/\" tabindex=\"-1\" ><div class=\"elementor-post__thumbnail\"><img loading=\"lazy\" decoding=\"async\" width=\"700\" height=\"400\" src=\"https:\/\/servitotal.com\/costarica\/wp-content\/uploads\/sites\/14\/2020\/02\/imagen-smartphone-destacada.jpg\" class=\"attachment-full size-full wp-image-5482\" alt=\"\" srcset=\"https:\/\/servitotal.com\/costarica\/wp-content\/uploads\/sites\/14\/2020\/02\/imagen-smartphone-destacada.jpg 700w, https:\/\/servitotal.com\/costarica\/wp-content\/uploads\/sites\/14\/2020\/02\/imagen-smartphone-destacada-300x171.jpg 300w\" sizes=\"(max-width: 700px) 100vw, 700px\" \/><\/div><\/a>\n\t\t\t\t<div class=\"elementor-post__badge\">Smartphones<\/div>\n\t\t\t\t<div class=\"elementor-post__text\">\n\t\t\t\t<h3 class=\"elementor-post__title\">\n\t\t\t<a href=\"https:\/\/servitotal.com\/costarica\/nuevo-telefono-detenete-un-momento\/\" >\n\t\t\t\t\u00bfNuevo Tel\u00e9fono? Detenete un momento\t\t\t<\/a>\n\t\t<\/h3>\n\t\t\t\t<div class=\"elementor-post__excerpt\">\n\t\t\t<p>\u00bfNuevo Tel\u00e9fono? Detenete un momento Es emocionante estrenar tel\u00e9fono \u00bfVerdad?. Antes de que empec\u00e9s a sacarle jugo a esos pixeles, mir\u00e1 este video y aprend\u00e9<\/p>\n\t\t<\/div>\n\t\t\t\t<\/div>\n\t\t\t\t<div class=\"elementor-post__meta-data\">\n\t\t\t\t\t<span class=\"elementor-post-date\">\n\t\t\t20 febrero, 2020\t\t<\/span>\n\t\t\t\t<\/div>\n\t\t\t\t\t<\/div>\n\t\t<\/article>\n\t\t\t\t<article class=\"elementor-post elementor-grid-item post-5456 post type-post status-publish format-standard has-post-thumbnail hentry category-lavadoras category-mastertips\" role=\"listitem\">\n\t\t\t<div class=\"elementor-post__card\">\n\t\t\t\t<a class=\"elementor-post__thumbnail__link\" href=\"https:\/\/servitotal.com\/costarica\/tips-de-limpieza-para-tu-lavadora\/\" tabindex=\"-1\" ><div class=\"elementor-post__thumbnail\"><img loading=\"lazy\" decoding=\"async\" width=\"700\" height=\"400\" src=\"https:\/\/servitotal.com\/costarica\/wp-content\/uploads\/sites\/14\/2019\/12\/lavadora-1.jpg\" class=\"attachment-full size-full wp-image-5754\" alt=\"\" srcset=\"https:\/\/servitotal.com\/costarica\/wp-content\/uploads\/sites\/14\/2019\/12\/lavadora-1.jpg 700w, https:\/\/servitotal.com\/costarica\/wp-content\/uploads\/sites\/14\/2019\/12\/lavadora-1-300x171.jpg 300w\" sizes=\"(max-width: 700px) 100vw, 700px\" \/><\/div><\/a>\n\t\t\t\t<div class=\"elementor-post__badge\">Lavadoras<\/div>\n\t\t\t\t<div class=\"elementor-post__text\">\n\t\t\t\t<h3 class=\"elementor-post__title\">\n\t\t\t<a href=\"https:\/\/servitotal.com\/costarica\/tips-de-limpieza-para-tu-lavadora\/\" >\n\t\t\t\tTips de limpieza para tu lavadora\t\t\t<\/a>\n\t\t<\/h3>\n\t\t\t\t<div class=\"elementor-post__excerpt\">\n\t\t\t<p>mastertip TIPS DE LIMPIEZA PARA TU LAVADORA 1. Vaciar la lavadora. 2. Fije la lavadora en el ciclo de mayor carga con agua caliente, no<\/p>\n\t\t<\/div>\n\t\t\t\t<\/div>\n\t\t\t\t<div class=\"elementor-post__meta-data\">\n\t\t\t\t\t<span class=\"elementor-post-date\">\n\t\t\t20 diciembre, 2019\t\t<\/span>\n\t\t\t\t<\/div>\n\t\t\t\t\t<\/div>\n\t\t<\/article>\n\t\t\t\t<\/div>\n\t\t\n\t\t\t\t<div class=\"e-load-more-anchor\" data-page=\"1\" data-max-page=\"4\" data-next-page=\"https:\/\/servitotal.com\/costarica\/wp-json\/wp\/v2\/pages\/4421\/page\/2\/\"><\/div>\n\t\t\t\t<nav class=\"elementor-pagination\" aria-label=\"Paginaci\u00f3n\">\n\t\t\t<span aria-current=\"page\" class=\"page-numbers current\"><span class=\"elementor-screen-only\">P\u00e1gina<\/span>1<\/span>\n<a class=\"page-numbers\" href=\"https:\/\/servitotal.com\/costarica\/wp-json\/wp\/v2\/pages\/4421\/page\/2\/\"><span class=\"elementor-screen-only\">P\u00e1gina<\/span>2<\/a>\n<a class=\"page-numbers\" href=\"https:\/\/servitotal.com\/costarica\/wp-json\/wp\/v2\/pages\/4421\/page\/3\/\"><span class=\"elementor-screen-only\">P\u00e1gina<\/span>3<\/a>\t\t<\/nav>\n\t\t\t\t\t\t<\/div>\n\t\t\t\t<\/div>\n\t\t\t\t\t<\/div>\n\t\t<\/div>\n\t\t\t\t\t<\/div>\n\t\t<\/section>\n\t\t\t\t<section class=\"elementor-section elementor-inner-section elementor-element elementor-element-11a363c elementor-section-content-middle elementor-section-boxed elementor-section-height-default elementor-section-height-default\" data-id=\"11a363c\" data-element_type=\"section\" data-e-type=\"section\">\n\t\t\t\t\t\t<div class=\"elementor-container elementor-column-gap-default\">\n\t\t\t\t\t<div class=\"elementor-column elementor-col-50 elementor-inner-column elementor-element elementor-element-5507d958\" data-id=\"5507d958\" data-element_type=\"column\" data-e-type=\"column\">\n\t\t\t<div class=\"elementor-widget-wrap elementor-element-populated\">\n\t\t\t\t\t\t<div class=\"elementor-element elementor-element-1bc99a7f elementor-widget elementor-widget-image\" data-id=\"1bc99a7f\" data-element_type=\"widget\" data-e-type=\"widget\" data-widget_type=\"image.default\">\n\t\t\t\t<div class=\"elementor-widget-container\">\n\t\t\t\t\t\t\t\t\t\t\t\t\t\t\t\t<a href=\"https:\/\/servitotal.com\/costarica\/nuestros-servicios\">\n\t\t\t\t\t\t\t<img loading=\"lazy\" decoding=\"async\" width=\"379\" height=\"234\" src=\"https:\/\/servitotal.com\/costarica\/wp-content\/uploads\/sites\/14\/2019\/03\/ca1-contrata.jpg\" class=\"attachment-large size-large wp-image-4525\" alt=\"\" srcset=\"https:\/\/servitotal.com\/costarica\/wp-content\/uploads\/sites\/14\/2019\/03\/ca1-contrata.jpg 379w, https:\/\/servitotal.com\/costarica\/wp-content\/uploads\/sites\/14\/2019\/03\/ca1-contrata-300x185.jpg 300w\" sizes=\"(max-width: 379px) 100vw, 379px\" \/>\t\t\t\t\t\t\t\t<\/a>\n\t\t\t\t\t\t\t\t\t\t\t\t\t\t\t<\/div>\n\t\t\t\t<\/div>\n\t\t\t\t\t<\/div>\n\t\t<\/div>\n\t\t\t\t<div class=\"elementor-column elementor-col-50 elementor-inner-column elementor-element elementor-element-5f6d9359\" data-id=\"5f6d9359\" data-element_type=\"column\" data-e-type=\"column\">\n\t\t\t<div class=\"elementor-widget-wrap elementor-element-populated\">\n\t\t\t\t\t\t<div class=\"elementor-element elementor-element-6f3e381a elementor-widget elementor-widget-image\" data-id=\"6f3e381a\" data-element_type=\"widget\" data-e-type=\"widget\" data-widget_type=\"image.default\">\n\t\t\t\t<div class=\"elementor-widget-container\">\n\t\t\t\t\t\t\t\t\t\t\t\t\t\t\t\t<a href=\"https:\/\/servitotal.com\/repuestos\/\">\n\t\t\t\t\t\t\t<img loading=\"lazy\" decoding=\"async\" width=\"379\" height=\"234\" src=\"https:\/\/servitotal.com\/costarica\/wp-content\/uploads\/sites\/14\/2019\/03\/ca3-repuestos.jpg\" class=\"attachment-large size-large wp-image-4527\" alt=\"\" srcset=\"https:\/\/servitotal.com\/costarica\/wp-content\/uploads\/sites\/14\/2019\/03\/ca3-repuestos.jpg 379w, https:\/\/servitotal.com\/costarica\/wp-content\/uploads\/sites\/14\/2019\/03\/ca3-repuestos-300x185.jpg 300w\" sizes=\"(max-width: 379px) 100vw, 379px\" \/>\t\t\t\t\t\t\t\t<\/a>\n\t\t\t\t\t\t\t\t\t\t\t\t\t\t\t<\/div>\n\t\t\t\t<\/div>\n\t\t\t\t\t<\/div>\n\t\t<\/div>\n\t\t\t\t\t<\/div>\n\t\t<\/section>\n\t\t\t\t<\/div>\n\t\t","protected":false},"excerpt":{"rendered":"<p>CENTRO VIRTUAL DE SOLUCIONES<\/p>\n","protected":false},"author":1,"featured_media":0,"parent":0,"menu_order":0,"comment_status":"closed","ping_status":"closed","template":"template\/template-full-width.php","meta":{"footnotes":""},"class_list":["post-4421","page","type-page","status-publish","hentry"],"_links":{"self":[{"href":"https:\/\/servitotal.com\/costarica\/wp-json\/wp\/v2\/pages\/4421","targetHints":{"allow":["GET"]}}],"collection":[{"href":"https:\/\/servitotal.com\/costarica\/wp-json\/wp\/v2\/pages"}],"about":[{"href":"https:\/\/servitotal.com\/costarica\/wp-json\/wp\/v2\/types\/page"}],"author":[{"embeddable":true,"href":"https:\/\/servitotal.com\/costarica\/wp-json\/wp\/v2\/users\/1"}],"replies":[{"embeddable":true,"href":"https:\/\/servitotal.com\/costarica\/wp-json\/wp\/v2\/comments?post=4421"}],"version-history":[{"count":34,"href":"https:\/\/servitotal.com\/costarica\/wp-json\/wp\/v2\/pages\/4421\/revisions"}],"predecessor-version":[{"id":8235,"href":"https:\/\/servitotal.com\/costarica\/wp-json\/wp\/v2\/pages\/4421\/revisions\/8235"}],"wp:attachment":[{"href":"https:\/\/servitotal.com\/costarica\/wp-json\/wp\/v2\/media?parent=4421"}],"curies":[{"name":"wp","href":"https:\/\/api.w.org\/{rel}","templated":true}]}}