 {"id":10240,"date":"2024-10-30T05:24:46","date_gmt":"2024-10-30T04:24:46","guid":{"rendered":"http:\/\/servicetotal.unitechub.cloud\/elsalvador\/?page_id=10240"},"modified":"2024-10-30T05:27:37","modified_gmt":"2024-10-30T04:27:37","slug":"lista-de-precios","status":"publish","type":"page","link":"https:\/\/servitotal.com\/elsalvador\/lista-de-precios\/","title":{"rendered":"Lista de precios"},"content":{"rendered":"\t\t<div data-elementor-type=\"wp-page\" data-elementor-id=\"10240\" class=\"elementor elementor-10240\" data-elementor-post-type=\"page\">\n\t\t\t\t\t\t<section class=\"elementor-section elementor-top-section elementor-element elementor-element-57d046cd elementor-section-boxed elementor-section-height-default elementor-section-height-default\" data-id=\"57d046cd\" data-element_type=\"section\" data-e-type=\"section\">\n\t\t\t\t\t\t<div class=\"elementor-container elementor-column-gap-default\">\n\t\t\t\t\t<div class=\"elementor-column elementor-col-100 elementor-top-column elementor-element elementor-element-13a43a64\" data-id=\"13a43a64\" data-element_type=\"column\" data-e-type=\"column\">\n\t\t\t<div class=\"elementor-widget-wrap elementor-element-populated\">\n\t\t\t\t\t\t<div class=\"elementor-element elementor-element-57114d8 elementor-widget elementor-widget-text-editor\" data-id=\"57114d8\" data-element_type=\"widget\" data-e-type=\"widget\" data-widget_type=\"text-editor.default\">\n\t\t\t\t<div class=\"elementor-widget-container\">\n\t\t\t\t\t\t\t\t\t\n<h2 class=\"wp-block-heading\" style=\"text-align: center;\">Reparaciones iPhone<\/h2>\n\n<h6 class=\"wp-block-heading\">Utilizamos pantallas y bater\u00edas originales, instaladas por t\u00e9cnicos certificados y con 90 d\u00edas de garant\u00eda de la pieza sustituida.<\/h6>\n\n<h6 class=\"wp-block-heading\">Las tarifas descritas a continuaci\u00f3n son aplicables para reparaciones fuera de garant\u00eda<\/h6>\n\n<h6 class=\"wp-block-heading\">*Nuestros precios est\u00e1n en constante ajuste, el precio deber\u00e1 ser confirmado por medio de diagn\u00f3stico previo. Precios proporcionados, es modo intercambio (pieza defectuosa debe ser retornada a Apple).<\/h6>\n\n<figure class=\"wp-block-table\">\n<table class=\"has-fixed-layout\">\n<thead>\n<tr>\n<th>Modelo<\/th>\n<th>Precio de Bater\u00eda en modo Exchange + IVA<\/th>\n<th>Precio de Pantalla en modo Exchange + IVA<\/th>\n<\/tr>\n<\/thead>\n<tbody>\n<tr>\n<td>iPhone 6s<\/td>\n<td>$66.98<\/td>\n<td>$222.52<\/td>\n<\/tr>\n<tr>\n<td>iPhone 6s Plus<\/td>\n<td>$66.98<\/td>\n<td>$252.39<\/td>\n<\/tr>\n<tr>\n<td>iPhone 7<\/td>\n<td>$66.98<\/td>\n<td>$222.52<\/td>\n<\/tr>\n<tr>\n<td>iPhone 7 Plus<\/td>\n<td>$66.98<\/td>\n<td>$252.39<\/td>\n<\/tr>\n<tr>\n<td>iPhone 8<\/td>\n<td>$66.98<\/td>\n<td>$236.43<\/td>\n<\/tr>\n<tr>\n<td>iPhone 8 Plus<\/td>\n<td>$66.98<\/td>\n<td>$268.16<\/td>\n<\/tr>\n<tr>\n<td>iPhone X<\/td>\n<td>$86.39<\/td>\n<td>$468.75<\/td>\n<\/tr>\n<tr>\n<td>iPhone XS<\/td>\n<td>$86.39<\/td>\n<td>$468.75<\/td>\n<\/tr>\n<tr>\n<td>iPhone XS Max<\/td>\n<td>$86.39<\/td>\n<td>$552.75<\/td>\n<\/tr>\n<tr>\n<td>iPhone XR<\/td>\n<td>$86.39<\/td>\n<td>$315.77<\/td>\n<\/tr>\n<tr>\n<td>iPhone SE (2.\u00aa generaci\u00f3n)<\/td>\n<td>$66.98<\/td>\n<td>$204.69<\/td>\n<\/tr>\n<tr>\n<td>iPhone 11<\/td>\n<td>$66.98<\/td>\n<td>$315.77<\/td>\n<\/tr>\n<tr>\n<td>iPhone 11 Pro<\/td>\n<td>$86.39<\/td>\n<td>$468.75<\/td>\n<\/tr>\n<tr>\n<td>iPhone 11 Pro Max<\/td>\n<td>$86.39<\/td>\n<td>$552.75<\/td>\n<\/tr>\n<tr>\n<td>iPhone 12<\/td>\n<td>$86.39<\/td>\n<td>$468.75<\/td>\n<\/tr>\n<tr>\n<td>iPhone 12 mini<\/td>\n<td>$86.39<\/td>\n<td>$384.74<\/td>\n<\/tr>\n<tr>\n<td>iPhone 12 Pro<\/td>\n<td>$86.39<\/td>\n<td>$468.75<\/td>\n<\/tr>\n<tr>\n<td>iPhone 12 Pro Max<\/td>\n<td>$86.39<\/td>\n<td>$552.75<\/td>\n<\/tr>\n<tr>\n<td>iPhone 13<\/td>\n<td>$86.39<\/td>\n<td>$468.75<\/td>\n<\/tr>\n<tr>\n<td>iPhone 13 mini<\/td>\n<td>$86.39<\/td>\n<td>$384.74<\/td>\n<\/tr>\n<tr>\n<td>iPhone 13 Pro<\/td>\n<td>$86.39<\/td>\n<td>$468.75<\/td>\n<\/tr>\n<tr>\n<td>iPhone 13 Pro Max<\/td>\n<td>$86.39<\/td>\n<td>$552.75<\/td>\n<\/tr>\n<tr>\n<td>iPhone SE (3.\u00aa generaci\u00f3n)<\/td>\n<td>$66.98<\/td>\n<td>$204.69<\/td>\n<\/tr>\n<tr>\n<td>iPhone 14<\/td>\n<td>$96.11<\/td>\n<td>$468.75<\/td>\n<\/tr>\n<tr>\n<td>iPhone 14 Plus<\/td>\n<td>$96.11<\/td>\n<td>$552.75<\/td>\n<\/tr>\n<tr>\n<td>iPhone 14 Pro<\/td>\n<td>$96.11<\/td>\n<td>$552.75<\/td>\n<\/tr>\n<tr>\n<td>iPhone 14 Pro Max<\/td>\n<td>$96.11<\/td>\n<td>$636.76<\/td>\n<\/tr>\n<tr>\n<td>iPhone 15<\/td>\n<td>$96.11<\/td>\n<td>$468.75<\/td>\n<\/tr>\n<tr>\n<td>iPhone 15 Plus<\/td>\n<td>$96.11<\/td>\n<td>$552.75<\/td>\n<\/tr>\n<tr>\n<td>iPhone 15 Pro<\/td>\n<td>$96.11<\/td>\n<td>$552.75<\/td>\n<\/tr>\n<tr>\n<td>iPhone 15 Pro Max<\/td>\n<td>$96.11<\/td>\n<td>$636.76<\/td>\n<\/tr>\n<\/tbody>\n<\/table>\n<\/figure>\n\t\t\t\t\t\t\t\t<\/div>\n\t\t\t\t<\/div>\n\t\t\t\t\t<\/div>\n\t\t<\/div>\n\t\t\t\t\t<\/div>\n\t\t<\/section>\n\t\t\t\t<\/div>\n\t\t","protected":false},"excerpt":{"rendered":"<p>Reparaciones iPhone Utilizamos pantallas y bater\u00edas originales, instaladas por t\u00e9cnicos certificados y con 90 d\u00edas de garant\u00eda de la pieza sustituida. Las tarifas descritas a continuaci\u00f3n son aplicables para reparaciones fuera de garant\u00eda *Nuestros precios est\u00e1n en constante ajuste, el precio deber\u00e1 ser confirmado por medio de diagn\u00f3stico previo. Precios proporcionados, es modo intercambio (pieza&#8230;<\/p>\n","protected":false},"author":30,"featured_media":0,"parent":0,"menu_order":0,"comment_status":"closed","ping_status":"closed","template":"elementor_canvas","meta":{"footnotes":""},"class_list":["post-10240","page","type-page","status-publish","hentry"],"yoast_head":"<!-- This site is optimized with the Yoast SEO plugin v27.1.1 - https:\/\/yoast.com\/product\/yoast-seo-wordpress\/ -->\n<title>Lista de precios - Servitotal El Salvador<\/title>\n<meta name=\"robots\" content=\"index, follow, max-snippet:-1, max-image-preview:large, max-video-preview:-1\" \/>\n<link rel=\"canonical\" href=\"https:\/\/servitotal.com\/elsalvador\/lista-de-precios\/\" \/>\n<meta property=\"og:locale\" content=\"es_ES\" \/>\n<meta property=\"og:type\" content=\"article\" \/>\n<meta property=\"og:title\" content=\"Lista de precios - Servitotal El Salvador\" \/>\n<meta property=\"og:description\" content=\"Reparaciones iPhone Utilizamos pantallas y bater\u00edas originales, instaladas por t\u00e9cnicos certificados y con 90 d\u00edas de garant\u00eda de la pieza sustituida. Las tarifas descritas a continuaci\u00f3n son aplicables para reparaciones fuera de garant\u00eda *Nuestros precios est\u00e1n en constante ajuste, el precio deber\u00e1 ser confirmado por medio de diagn\u00f3stico previo. Precios proporcionados, es modo intercambio (pieza...\" \/>\n<meta property=\"og:url\" content=\"https:\/\/servitotal.com\/elsalvador\/lista-de-precios\/\" \/>\n<meta property=\"og:site_name\" content=\"Servitotal El Salvador\" \/>\n<meta property=\"article:modified_time\" content=\"2024-10-30T04:27:37+00:00\" \/>\n<meta name=\"twitter:card\" content=\"summary_large_image\" \/>\n<meta name=\"twitter:label1\" content=\"Tiempo de lectura\" \/>\n\t<meta name=\"twitter:data1\" content=\"1 minuto\" \/>\n<script type=\"application\/ld+json\" class=\"yoast-schema-graph\">{\"@context\":\"https:\/\/schema.org\",\"@graph\":[{\"@type\":\"WebPage\",\"@id\":\"https:\/\/servitotal.com\/elsalvador\/lista-de-precios\/\",\"url\":\"https:\/\/servitotal.com\/elsalvador\/lista-de-precios\/\",\"name\":\"Lista de precios - Servitotal El Salvador\",\"isPartOf\":{\"@id\":\"\/#website\"},\"datePublished\":\"2024-10-30T04:24:46+00:00\",\"dateModified\":\"2024-10-30T04:27:37+00:00\",\"breadcrumb\":{\"@id\":\"https:\/\/servitotal.com\/elsalvador\/lista-de-precios\/#breadcrumb\"},\"inLanguage\":\"es\",\"potentialAction\":[{\"@type\":\"ReadAction\",\"target\":[\"https:\/\/servitotal.com\/elsalvador\/lista-de-precios\/\"]}]},{\"@type\":\"BreadcrumbList\",\"@id\":\"https:\/\/servitotal.com\/elsalvador\/lista-de-precios\/#breadcrumb\",\"itemListElement\":[{\"@type\":\"ListItem\",\"position\":1,\"name\":\"Portada\",\"item\":\"https:\/\/servitotal.com\/elsalvador\/\"},{\"@type\":\"ListItem\",\"position\":2,\"name\":\"Lista de precios\"}]},{\"@type\":\"WebSite\",\"@id\":\"\/#website\",\"url\":\"\/\",\"name\":\"Servitotal El Salvador\",\"description\":\"\",\"potentialAction\":[{\"@type\":\"SearchAction\",\"target\":{\"@type\":\"EntryPoint\",\"urlTemplate\":\"\/?s={search_term_string}\"},\"query-input\":{\"@type\":\"PropertyValueSpecification\",\"valueRequired\":true,\"valueName\":\"search_term_string\"}}],\"inLanguage\":\"es\"}]}<\/script>\n<!-- \/ Yoast SEO plugin. -->","yoast_head_json":{"title":"Lista de precios - Servitotal El Salvador","robots":{"index":"index","follow":"follow","max-snippet":"max-snippet:-1","max-image-preview":"max-image-preview:large","max-video-preview":"max-video-preview:-1"},"canonical":"https:\/\/servitotal.com\/elsalvador\/lista-de-precios\/","og_locale":"es_ES","og_type":"article","og_title":"Lista de precios - Servitotal El Salvador","og_description":"Reparaciones iPhone Utilizamos pantallas y bater\u00edas originales, instaladas por t\u00e9cnicos certificados y con 90 d\u00edas de garant\u00eda de la pieza sustituida. Las tarifas descritas a continuaci\u00f3n son aplicables para reparaciones fuera de garant\u00eda *Nuestros precios est\u00e1n en constante ajuste, el precio deber\u00e1 ser confirmado por medio de diagn\u00f3stico previo. Precios proporcionados, es modo intercambio (pieza...","og_url":"https:\/\/servitotal.com\/elsalvador\/lista-de-precios\/","og_site_name":"Servitotal El Salvador","article_modified_time":"2024-10-30T04:27:37+00:00","twitter_card":"summary_large_image","twitter_misc":{"Tiempo de lectura":"1 minuto"},"schema":{"@context":"https:\/\/schema.org","@graph":[{"@type":"WebPage","@id":"https:\/\/servitotal.com\/elsalvador\/lista-de-precios\/","url":"https:\/\/servitotal.com\/elsalvador\/lista-de-precios\/","name":"Lista de precios - Servitotal El Salvador","isPartOf":{"@id":"\/#website"},"datePublished":"2024-10-30T04:24:46+00:00","dateModified":"2024-10-30T04:27:37+00:00","breadcrumb":{"@id":"https:\/\/servitotal.com\/elsalvador\/lista-de-precios\/#breadcrumb"},"inLanguage":"es","potentialAction":[{"@type":"ReadAction","target":["https:\/\/servitotal.com\/elsalvador\/lista-de-precios\/"]}]},{"@type":"BreadcrumbList","@id":"https:\/\/servitotal.com\/elsalvador\/lista-de-precios\/#breadcrumb","itemListElement":[{"@type":"ListItem","position":1,"name":"Portada","item":"https:\/\/servitotal.com\/elsalvador\/"},{"@type":"ListItem","position":2,"name":"Lista de precios"}]},{"@type":"WebSite","@id":"\/#website","url":"\/","name":"Servitotal El Salvador","description":"","potentialAction":[{"@type":"SearchAction","target":{"@type":"EntryPoint","urlTemplate":"\/?s={search_term_string}"},"query-input":{"@type":"PropertyValueSpecification","valueRequired":true,"valueName":"search_term_string"}}],"inLanguage":"es"}]}},"_links":{"self":[{"href":"https:\/\/servitotal.com\/elsalvador\/wp-json\/wp\/v2\/pages\/10240","targetHints":{"allow":["GET"]}}],"collection":[{"href":"https:\/\/servitotal.com\/elsalvador\/wp-json\/wp\/v2\/pages"}],"about":[{"href":"https:\/\/servitotal.com\/elsalvador\/wp-json\/wp\/v2\/types\/page"}],"author":[{"embeddable":true,"href":"https:\/\/servitotal.com\/elsalvador\/wp-json\/wp\/v2\/users\/30"}],"replies":[{"embeddable":true,"href":"https:\/\/servitotal.com\/elsalvador\/wp-json\/wp\/v2\/comments?post=10240"}],"version-history":[{"count":4,"href":"https:\/\/servitotal.com\/elsalvador\/wp-json\/wp\/v2\/pages\/10240\/revisions"}],"predecessor-version":[{"id":10245,"href":"https:\/\/servitotal.com\/elsalvador\/wp-json\/wp\/v2\/pages\/10240\/revisions\/10245"}],"wp:attachment":[{"href":"https:\/\/servitotal.com\/elsalvador\/wp-json\/wp\/v2\/media?parent=10240"}],"curies":[{"name":"wp","href":"https:\/\/api.w.org\/{rel}","templated":true}]}}