 {"id":4421,"date":"2019-03-04T22:11:33","date_gmt":"2019-03-04T21:11:33","guid":{"rendered":"https:\/\/servitotal.com\/elsalvador\/?page_id=4421"},"modified":"2025-05-06T21:01:39","modified_gmt":"2025-05-06T19:01:39","slug":"centro-de-soluciones","status":"publish","type":"page","link":"https:\/\/servitotal.com\/elsalvador\/centro-de-soluciones\/","title":{"rendered":"SOLUCIONES"},"content":{"rendered":"\t\t<div data-elementor-type=\"wp-post\" data-elementor-id=\"4421\" class=\"elementor elementor-4421\" data-elementor-post-type=\"page\">\n\t\t\t\t\t\t<section class=\"elementor-section elementor-top-section elementor-element elementor-element-a6409ef elementor-section-stretched elementor-section-full_width elementor-section-content-middle elementor-section-height-default elementor-section-height-default\" data-id=\"a6409ef\" data-element_type=\"section\" data-e-type=\"section\" data-settings=\"{&quot;background_background&quot;:&quot;classic&quot;,&quot;stretch_section&quot;:&quot;section-stretched&quot;}\">\n\t\t\t\t\t\t<div class=\"elementor-container elementor-column-gap-no\">\n\t\t\t\t\t<div class=\"elementor-column elementor-col-100 elementor-top-column elementor-element elementor-element-a8b0e67\" data-id=\"a8b0e67\" data-element_type=\"column\" data-e-type=\"column\">\n\t\t\t<div class=\"elementor-widget-wrap elementor-element-populated\">\n\t\t\t\t\t\t<div class=\"elementor-element elementor-element-734f98f elementor-widget elementor-widget-heading\" data-id=\"734f98f\" data-element_type=\"widget\" data-e-type=\"widget\" data-widget_type=\"heading.default\">\n\t\t\t\t<div class=\"elementor-widget-container\">\n\t\t\t\t\t<h2 class=\"elementor-heading-title elementor-size-default\">CENTRO VIRTUAL DE SOLUCIONES<\/h2>\t\t\t\t<\/div>\n\t\t\t\t<\/div>\n\t\t\t\t\t<\/div>\n\t\t<\/div>\n\t\t\t\t\t<\/div>\n\t\t<\/section>\n\t\t\t\t<section class=\"elementor-section elementor-top-section elementor-element elementor-element-34d912bc elementor-section-boxed elementor-section-height-default elementor-section-height-default\" data-id=\"34d912bc\" data-element_type=\"section\" data-e-type=\"section\">\n\t\t\t\t\t\t<div class=\"elementor-container elementor-column-gap-default\">\n\t\t\t\t\t<div class=\"elementor-column elementor-col-100 elementor-top-column elementor-element elementor-element-7387a13c\" data-id=\"7387a13c\" data-element_type=\"column\" data-e-type=\"column\">\n\t\t\t<div class=\"elementor-widget-wrap elementor-element-populated\">\n\t\t\t\t\t\t<div class=\"elementor-element elementor-element-504d7d6d elementor-posts--align-center elementor-grid-3 elementor-grid-tablet-2 elementor-grid-mobile-1 elementor-posts--thumbnail-top elementor-card-shadow-yes elementor-posts__hover-gradient elementor-widget elementor-widget-posts\" data-id=\"504d7d6d\" data-element_type=\"widget\" data-e-type=\"widget\" data-settings=\"{&quot;pagination_type&quot;:&quot;numbers&quot;,&quot;cards_columns&quot;:&quot;3&quot;,&quot;cards_columns_tablet&quot;:&quot;2&quot;,&quot;cards_columns_mobile&quot;:&quot;1&quot;,&quot;cards_row_gap&quot;:{&quot;unit&quot;:&quot;px&quot;,&quot;size&quot;:35,&quot;sizes&quot;:[]},&quot;cards_row_gap_tablet&quot;:{&quot;unit&quot;:&quot;px&quot;,&quot;size&quot;:&quot;&quot;,&quot;sizes&quot;:[]},&quot;cards_row_gap_mobile&quot;:{&quot;unit&quot;:&quot;px&quot;,&quot;size&quot;:&quot;&quot;,&quot;sizes&quot;:[]}}\" data-widget_type=\"posts.cards\">\n\t\t\t\t<div class=\"elementor-widget-container\">\n\t\t\t\t\t\t\t<div class=\"elementor-posts-container elementor-posts elementor-posts--skin-cards elementor-grid\" role=\"list\">\n\t\t\t\t<article class=\"elementor-post elementor-grid-item post-6679 post type-post status-publish format-standard has-post-thumbnail hentry category-refrigerador\" role=\"listitem\">\n\t\t\t<div class=\"elementor-post__card\">\n\t\t\t\t<a class=\"elementor-post__thumbnail__link\" href=\"https:\/\/servitotal.com\/elsalvador\/dale-mantenimiento-a-tu-filtro-de-agua\/\" tabindex=\"-1\" ><div class=\"elementor-post__thumbnail\"><img fetchpriority=\"high\" decoding=\"async\" width=\"407\" height=\"273\" src=\"https:\/\/servitotal.com\/elsalvador\/wp-content\/uploads\/sites\/2\/2020\/11\/Captura-de-Pantalla-2020-11-12-a-las-15.20.27.png\" class=\"attachment-full size-full wp-image-6686\" alt=\"\" srcset=\"https:\/\/servitotal.com\/elsalvador\/wp-content\/uploads\/sites\/2\/2020\/11\/Captura-de-Pantalla-2020-11-12-a-las-15.20.27.png 407w, https:\/\/servitotal.com\/elsalvador\/wp-content\/uploads\/sites\/2\/2020\/11\/Captura-de-Pantalla-2020-11-12-a-las-15.20.27-300x201.png 300w\" sizes=\"(max-width: 407px) 100vw, 407px\" \/><\/div><\/a>\n\t\t\t\t<div class=\"elementor-post__badge\">Refrigerador<\/div>\n\t\t\t\t<div class=\"elementor-post__text\">\n\t\t\t\t<h3 class=\"elementor-post__title\">\n\t\t\t<a href=\"https:\/\/servitotal.com\/elsalvador\/dale-mantenimiento-a-tu-filtro-de-agua\/\" >\n\t\t\t\tDale mantenimiento a tu filtro de agua\t\t\t<\/a>\n\t\t<\/h3>\n\t\t\t\t<div class=\"elementor-post__excerpt\">\n\t\t\t<p>Reemplaza tu filtro de agua Obt\u00e9n siempre agua fresca siguiendo estos consejos<\/p>\n\t\t<\/div>\n\t\t\t\t<\/div>\n\t\t\t\t<div class=\"elementor-post__meta-data\">\n\t\t\t\t\t<span class=\"elementor-post-date\">\n\t\t\t11\/12\/2020\t\t<\/span>\n\t\t\t\t<\/div>\n\t\t\t\t\t<\/div>\n\t\t<\/article>\n\t\t\t\t<article class=\"elementor-post elementor-grid-item post-5456 post type-post status-publish format-standard has-post-thumbnail hentry category-lavadoras category-mastertips\" role=\"listitem\">\n\t\t\t<div class=\"elementor-post__card\">\n\t\t\t\t<a class=\"elementor-post__thumbnail__link\" href=\"https:\/\/servitotal.com\/elsalvador\/tips-de-limpieza-para-tu-lavadora\/\" tabindex=\"-1\" ><div class=\"elementor-post__thumbnail\"><img decoding=\"async\" width=\"700\" height=\"400\" src=\"https:\/\/servitotal.com\/elsalvador\/wp-content\/uploads\/sites\/2\/2019\/12\/lavadora-1.jpg\" class=\"attachment-full size-full wp-image-6412\" alt=\"\" srcset=\"https:\/\/servitotal.com\/elsalvador\/wp-content\/uploads\/sites\/2\/2019\/12\/lavadora-1.jpg 700w, https:\/\/servitotal.com\/elsalvador\/wp-content\/uploads\/sites\/2\/2019\/12\/lavadora-1-300x171.jpg 300w\" sizes=\"(max-width: 700px) 100vw, 700px\" \/><\/div><\/a>\n\t\t\t\t<div class=\"elementor-post__badge\">Lavadoras<\/div>\n\t\t\t\t<div class=\"elementor-post__text\">\n\t\t\t\t<h3 class=\"elementor-post__title\">\n\t\t\t<a href=\"https:\/\/servitotal.com\/elsalvador\/tips-de-limpieza-para-tu-lavadora\/\" >\n\t\t\t\tTips de limpieza para tu lavadora\t\t\t<\/a>\n\t\t<\/h3>\n\t\t\t\t<div class=\"elementor-post__excerpt\">\n\t\t\t<p>mastertip TIPS DE LIMPIEZA PARA TU LAVADORA 1. Vaciar la lavadora. 2. Fije la lavadora en el ciclo de mayor carga con agua caliente, no<\/p>\n\t\t<\/div>\n\t\t\t\t<\/div>\n\t\t\t\t<div class=\"elementor-post__meta-data\">\n\t\t\t\t\t<span class=\"elementor-post-date\">\n\t\t\t12\/20\/2019\t\t<\/span>\n\t\t\t\t<\/div>\n\t\t\t\t\t<\/div>\n\t\t<\/article>\n\t\t\t\t<article class=\"elementor-post elementor-grid-item post-5449 post type-post status-publish format-standard has-post-thumbnail hentry category-cafeteras category-mastertips\" role=\"listitem\">\n\t\t\t<div class=\"elementor-post__card\">\n\t\t\t\t<a class=\"elementor-post__thumbnail__link\" href=\"https:\/\/servitotal.com\/elsalvador\/tips-de-limpieza-para-tu-cafetera\/\" tabindex=\"-1\" ><div class=\"elementor-post__thumbnail\"><img decoding=\"async\" width=\"700\" height=\"400\" src=\"https:\/\/servitotal.com\/elsalvador\/wp-content\/uploads\/sites\/2\/2019\/12\/mastertip5.jpg\" class=\"attachment-full size-full wp-image-5470\" alt=\"\" srcset=\"https:\/\/servitotal.com\/elsalvador\/wp-content\/uploads\/sites\/2\/2019\/12\/mastertip5.jpg 700w, https:\/\/servitotal.com\/elsalvador\/wp-content\/uploads\/sites\/2\/2019\/12\/mastertip5-300x171.jpg 300w\" sizes=\"(max-width: 700px) 100vw, 700px\" \/><\/div><\/a>\n\t\t\t\t<div class=\"elementor-post__badge\">cafeteras<\/div>\n\t\t\t\t<div class=\"elementor-post__text\">\n\t\t\t\t<h3 class=\"elementor-post__title\">\n\t\t\t<a href=\"https:\/\/servitotal.com\/elsalvador\/tips-de-limpieza-para-tu-cafetera\/\" >\n\t\t\t\tTips de limpieza para tu cafetera\t\t\t<\/a>\n\t\t<\/h3>\n\t\t\t\t<div class=\"elementor-post__excerpt\">\n\t\t\t<p>mastertip TIPS DE LIMPIEZA PARA TU CAFETERA 1. Llenar el tanque con partesiguales de agua y vinagre blanco 2. Poner un filtro en la canastade<\/p>\n\t\t<\/div>\n\t\t\t\t<\/div>\n\t\t\t\t<div class=\"elementor-post__meta-data\">\n\t\t\t\t\t<span class=\"elementor-post-date\">\n\t\t\t12\/20\/2019\t\t<\/span>\n\t\t\t\t<\/div>\n\t\t\t\t\t<\/div>\n\t\t<\/article>\n\t\t\t\t<article class=\"elementor-post elementor-grid-item post-5443 post type-post status-publish format-standard has-post-thumbnail hentry category-mastertips category-refrigerador\" role=\"listitem\">\n\t\t\t<div class=\"elementor-post__card\">\n\t\t\t\t<a class=\"elementor-post__thumbnail__link\" href=\"https:\/\/servitotal.com\/elsalvador\/evita-que-trabaje-mas-el-compresor\/\" tabindex=\"-1\" ><div class=\"elementor-post__thumbnail\"><img loading=\"lazy\" decoding=\"async\" width=\"700\" height=\"400\" src=\"https:\/\/servitotal.com\/elsalvador\/wp-content\/uploads\/sites\/2\/2019\/12\/mastertip4.jpg\" class=\"attachment-full size-full wp-image-5467\" alt=\"\" srcset=\"https:\/\/servitotal.com\/elsalvador\/wp-content\/uploads\/sites\/2\/2019\/12\/mastertip4.jpg 700w, https:\/\/servitotal.com\/elsalvador\/wp-content\/uploads\/sites\/2\/2019\/12\/mastertip4-300x171.jpg 300w\" sizes=\"(max-width: 700px) 100vw, 700px\" \/><\/div><\/a>\n\t\t\t\t<div class=\"elementor-post__badge\">Mastertips<\/div>\n\t\t\t\t<div class=\"elementor-post__text\">\n\t\t\t\t<h3 class=\"elementor-post__title\">\n\t\t\t<a href=\"https:\/\/servitotal.com\/elsalvador\/evita-que-trabaje-mas-el-compresor\/\" >\n\t\t\t\tEvita que trabaje m\u00e1s el compresor\t\t\t<\/a>\n\t\t<\/h3>\n\t\t\t\t<div class=\"elementor-post__excerpt\">\n\t\t\t<p>mastertip Evita que trabaje m\u00e1s el compresor No introduzcas alimentos calientes a tu refrigerador, esto hace que trabaje m\u00e1s el compresor y aumente el consumo<\/p>\n\t\t<\/div>\n\t\t\t\t<\/div>\n\t\t\t\t<div class=\"elementor-post__meta-data\">\n\t\t\t\t\t<span class=\"elementor-post-date\">\n\t\t\t12\/20\/2019\t\t<\/span>\n\t\t\t\t<\/div>\n\t\t\t\t\t<\/div>\n\t\t<\/article>\n\t\t\t\t<article class=\"elementor-post elementor-grid-item post-5433 post type-post status-publish format-standard has-post-thumbnail hentry category-aire-acondicionado category-mastertips\" role=\"listitem\">\n\t\t\t<div class=\"elementor-post__card\">\n\t\t\t\t<a class=\"elementor-post__thumbnail__link\" href=\"https:\/\/servitotal.com\/elsalvador\/optimiza-el-consumo-de-energia\/\" tabindex=\"-1\" ><div class=\"elementor-post__thumbnail\"><img loading=\"lazy\" decoding=\"async\" width=\"700\" height=\"400\" src=\"https:\/\/servitotal.com\/elsalvador\/wp-content\/uploads\/sites\/2\/2019\/12\/mastertip3.jpg\" class=\"attachment-full size-full wp-image-5466\" alt=\"\" srcset=\"https:\/\/servitotal.com\/elsalvador\/wp-content\/uploads\/sites\/2\/2019\/12\/mastertip3.jpg 700w, https:\/\/servitotal.com\/elsalvador\/wp-content\/uploads\/sites\/2\/2019\/12\/mastertip3-300x171.jpg 300w\" sizes=\"(max-width: 700px) 100vw, 700px\" \/><\/div><\/a>\n\t\t\t\t<div class=\"elementor-post__badge\">Aire Acondicionado<\/div>\n\t\t\t\t<div class=\"elementor-post__text\">\n\t\t\t\t<h3 class=\"elementor-post__title\">\n\t\t\t<a href=\"https:\/\/servitotal.com\/elsalvador\/optimiza-el-consumo-de-energia\/\" >\n\t\t\t\tOptimiza el consumo de energ\u00eda\t\t\t<\/a>\n\t\t<\/h3>\n\t\t\t\t<div class=\"elementor-post__excerpt\">\n\t\t\t<p>mastertip Optimiza el consumo de energ\u00eda Para ahorrar energ\u00eda, mant\u00e9n tu aire acondicionado en una temperatura cerca de los 25\u2103, ya que esto optimiza el<\/p>\n\t\t<\/div>\n\t\t\t\t<\/div>\n\t\t\t\t<div class=\"elementor-post__meta-data\">\n\t\t\t\t\t<span class=\"elementor-post-date\">\n\t\t\t12\/20\/2019\t\t<\/span>\n\t\t\t\t<\/div>\n\t\t\t\t\t<\/div>\n\t\t<\/article>\n\t\t\t\t<article class=\"elementor-post elementor-grid-item post-5410 post type-post status-publish format-standard has-post-thumbnail hentry category-mastertips category-pantallas\" role=\"listitem\">\n\t\t\t<div class=\"elementor-post__card\">\n\t\t\t\t<a class=\"elementor-post__thumbnail__link\" href=\"https:\/\/servitotal.com\/elsalvador\/evita-rociar-liquidos\/\" tabindex=\"-1\" ><div class=\"elementor-post__thumbnail\"><img loading=\"lazy\" decoding=\"async\" width=\"700\" height=\"400\" src=\"https:\/\/servitotal.com\/elsalvador\/wp-content\/uploads\/sites\/2\/2019\/12\/mastertip2.jpg\" class=\"attachment-full size-full wp-image-5465\" alt=\"\" srcset=\"https:\/\/servitotal.com\/elsalvador\/wp-content\/uploads\/sites\/2\/2019\/12\/mastertip2.jpg 700w, https:\/\/servitotal.com\/elsalvador\/wp-content\/uploads\/sites\/2\/2019\/12\/mastertip2-300x171.jpg 300w\" sizes=\"(max-width: 700px) 100vw, 700px\" \/><\/div><\/a>\n\t\t\t\t<div class=\"elementor-post__badge\">Mastertips<\/div>\n\t\t\t\t<div class=\"elementor-post__text\">\n\t\t\t\t<h3 class=\"elementor-post__title\">\n\t\t\t<a href=\"https:\/\/servitotal.com\/elsalvador\/evita-rociar-liquidos\/\" >\n\t\t\t\tEvita rociar l\u00edquidos\t\t\t<\/a>\n\t\t<\/h3>\n\t\t\t\t<div class=\"elementor-post__excerpt\">\n\t\t\t<p>mastertip Evita rociar l\u00edquidos Evitar rociar l\u00edquidos directamente a la pantalla de tu televisor para evitar da\u00f1os.<\/p>\n\t\t<\/div>\n\t\t\t\t<\/div>\n\t\t\t\t<div class=\"elementor-post__meta-data\">\n\t\t\t\t\t<span class=\"elementor-post-date\">\n\t\t\t12\/20\/2019\t\t<\/span>\n\t\t\t\t<\/div>\n\t\t\t\t\t<\/div>\n\t\t<\/article>\n\t\t\t\t<\/div>\n\t\t\n\t\t\t\t<div class=\"e-load-more-anchor\" data-page=\"1\" data-max-page=\"3\" data-next-page=\"https:\/\/servitotal.com\/elsalvador\/wp-json\/wp\/v2\/pages\/4421\/page\/2\/\"><\/div>\n\t\t\t\t<nav class=\"elementor-pagination\" aria-label=\"Paginaci\u00f3n\">\n\t\t\t<span aria-current=\"page\" class=\"page-numbers current\"><span class=\"elementor-screen-only\">P\u00e1gina<\/span>1<\/span>\n<a class=\"page-numbers\" href=\"https:\/\/servitotal.com\/elsalvador\/wp-json\/wp\/v2\/pages\/4421\/page\/2\/\"><span class=\"elementor-screen-only\">P\u00e1gina<\/span>2<\/a>\n<a class=\"page-numbers\" href=\"https:\/\/servitotal.com\/elsalvador\/wp-json\/wp\/v2\/pages\/4421\/page\/3\/\"><span class=\"elementor-screen-only\">P\u00e1gina<\/span>3<\/a>\t\t<\/nav>\n\t\t\t\t\t\t<\/div>\n\t\t\t\t<\/div>\n\t\t\t\t\t<\/div>\n\t\t<\/div>\n\t\t\t\t\t<\/div>\n\t\t<\/section>\n\t\t\t\t<section class=\"elementor-section elementor-inner-section elementor-element elementor-element-11a363c elementor-section-content-middle elementor-section-boxed elementor-section-height-default elementor-section-height-default\" data-id=\"11a363c\" data-element_type=\"section\" data-e-type=\"section\">\n\t\t\t\t\t\t<div class=\"elementor-container elementor-column-gap-default\">\n\t\t\t\t\t<div class=\"elementor-column elementor-col-33 elementor-inner-column elementor-element elementor-element-5507d958\" data-id=\"5507d958\" data-element_type=\"column\" data-e-type=\"column\">\n\t\t\t<div class=\"elementor-widget-wrap elementor-element-populated\">\n\t\t\t\t\t\t<div class=\"elementor-element elementor-element-1bc99a7f elementor-widget elementor-widget-image\" data-id=\"1bc99a7f\" data-element_type=\"widget\" data-e-type=\"widget\" data-widget_type=\"image.default\">\n\t\t\t\t<div class=\"elementor-widget-container\">\n\t\t\t\t\t\t\t\t\t\t\t\t\t\t\t\t<a href=\"https:\/\/servitotal.com\/elsalvador\/contrato-de-servicio\/\">\n\t\t\t\t\t\t\t<img loading=\"lazy\" decoding=\"async\" width=\"379\" height=\"234\" src=\"https:\/\/servitotal.com\/elsalvador\/wp-content\/uploads\/sites\/2\/2019\/03\/ca1-contrata.jpg\" class=\"attachment-large size-large wp-image-4525\" alt=\"\" srcset=\"https:\/\/servitotal.com\/elsalvador\/wp-content\/uploads\/sites\/2\/2019\/03\/ca1-contrata.jpg 379w, https:\/\/servitotal.com\/elsalvador\/wp-content\/uploads\/sites\/2\/2019\/03\/ca1-contrata-300x185.jpg 300w\" sizes=\"(max-width: 379px) 100vw, 379px\" \/>\t\t\t\t\t\t\t\t<\/a>\n\t\t\t\t\t\t\t\t\t\t\t\t\t\t\t<\/div>\n\t\t\t\t<\/div>\n\t\t\t\t\t<\/div>\n\t\t<\/div>\n\t\t\t\t<div class=\"elementor-column elementor-col-33 elementor-inner-column elementor-element elementor-element-447dd3a7\" data-id=\"447dd3a7\" data-element_type=\"column\" data-e-type=\"column\">\n\t\t\t<div class=\"elementor-widget-wrap elementor-element-populated\">\n\t\t\t\t\t\t<div class=\"elementor-element elementor-element-33314d88 elementor-widget elementor-widget-image\" data-id=\"33314d88\" data-element_type=\"widget\" data-e-type=\"widget\" data-widget_type=\"image.default\">\n\t\t\t\t<div class=\"elementor-widget-container\">\n\t\t\t\t\t\t\t\t\t\t\t\t\t\t\t\t<a href=\"https:\/\/servitotal.com\/elsalvador\/consulta-tu-orden\/\">\n\t\t\t\t\t\t\t<img loading=\"lazy\" decoding=\"async\" width=\"379\" height=\"234\" src=\"https:\/\/servitotal.com\/elsalvador\/wp-content\/uploads\/sites\/2\/2019\/03\/ca2-consulta.jpg\" class=\"attachment-large size-large wp-image-4526\" alt=\"\" srcset=\"https:\/\/servitotal.com\/elsalvador\/wp-content\/uploads\/sites\/2\/2019\/03\/ca2-consulta.jpg 379w, https:\/\/servitotal.com\/elsalvador\/wp-content\/uploads\/sites\/2\/2019\/03\/ca2-consulta-300x185.jpg 300w\" sizes=\"(max-width: 379px) 100vw, 379px\" \/>\t\t\t\t\t\t\t\t<\/a>\n\t\t\t\t\t\t\t\t\t\t\t\t\t\t\t<\/div>\n\t\t\t\t<\/div>\n\t\t\t\t\t<\/div>\n\t\t<\/div>\n\t\t\t\t<div class=\"elementor-column elementor-col-33 elementor-inner-column elementor-element elementor-element-5f6d9359\" data-id=\"5f6d9359\" data-element_type=\"column\" data-e-type=\"column\">\n\t\t\t<div class=\"elementor-widget-wrap elementor-element-populated\">\n\t\t\t\t\t\t<div class=\"elementor-element elementor-element-6f3e381a elementor-widget elementor-widget-image\" data-id=\"6f3e381a\" data-element_type=\"widget\" data-e-type=\"widget\" data-widget_type=\"image.default\">\n\t\t\t\t<div class=\"elementor-widget-container\">\n\t\t\t\t\t\t\t\t\t\t\t\t\t\t\t\t<a href=\"https:\/\/servitotal.com\/elsalvador\/solicita-tus-repuestos-originales\/\">\n\t\t\t\t\t\t\t<img loading=\"lazy\" decoding=\"async\" width=\"379\" height=\"234\" src=\"https:\/\/servitotal.com\/elsalvador\/wp-content\/uploads\/sites\/2\/2019\/03\/ca3-repuestos.jpg\" class=\"attachment-large size-large wp-image-4527\" alt=\"\" srcset=\"https:\/\/servitotal.com\/elsalvador\/wp-content\/uploads\/sites\/2\/2019\/03\/ca3-repuestos.jpg 379w, https:\/\/servitotal.com\/elsalvador\/wp-content\/uploads\/sites\/2\/2019\/03\/ca3-repuestos-300x185.jpg 300w\" sizes=\"(max-width: 379px) 100vw, 379px\" \/>\t\t\t\t\t\t\t\t<\/a>\n\t\t\t\t\t\t\t\t\t\t\t\t\t\t\t<\/div>\n\t\t\t\t<\/div>\n\t\t\t\t\t<\/div>\n\t\t<\/div>\n\t\t\t\t\t<\/div>\n\t\t<\/section>\n\t\t\t\t<\/div>\n\t\t","protected":false},"excerpt":{"rendered":"<p>CENTRO VIRTUAL DE SOLUCIONES<\/p>\n","protected":false},"author":1,"featured_media":0,"parent":0,"menu_order":0,"comment_status":"closed","ping_status":"closed","template":"template\/template-full-width.php","meta":{"footnotes":""},"class_list":["post-4421","page","type-page","status-publish","hentry"],"yoast_head":"<!-- This site is optimized with the Yoast SEO plugin v27.1.1 - https:\/\/yoast.com\/product\/yoast-seo-wordpress\/ -->\n<title>SOLUCIONES - Servitotal El Salvador<\/title>\n<meta name=\"robots\" content=\"index, follow, max-snippet:-1, max-image-preview:large, max-video-preview:-1\" \/>\n<link rel=\"canonical\" href=\"https:\/\/servitotal.com\/elsalvador\/centro-de-soluciones\/\" \/>\n<meta property=\"og:locale\" content=\"es_ES\" \/>\n<meta property=\"og:type\" content=\"article\" \/>\n<meta property=\"og:title\" content=\"SOLUCIONES - Servitotal El Salvador\" \/>\n<meta property=\"og:description\" content=\"CENTRO VIRTUAL DE SOLUCIONES\" \/>\n<meta property=\"og:url\" content=\"https:\/\/servitotal.com\/elsalvador\/centro-de-soluciones\/\" \/>\n<meta property=\"og:site_name\" content=\"Servitotal El Salvador\" \/>\n<meta property=\"article:modified_time\" content=\"2025-05-06T19:01:39+00:00\" \/>\n<meta property=\"og:image\" content=\"https:\/\/servitotal.com\/elsalvador\/wp-content\/uploads\/sites\/2\/2019\/03\/ca1-contrata.jpg\" \/>\n<meta name=\"twitter:card\" content=\"summary_large_image\" \/>\n<meta name=\"twitter:label1\" content=\"Tiempo de lectura\" \/>\n\t<meta name=\"twitter:data1\" content=\"4 minutos\" \/>\n<script type=\"application\/ld+json\" class=\"yoast-schema-graph\">{\"@context\":\"https:\/\/schema.org\",\"@graph\":[{\"@type\":\"WebPage\",\"@id\":\"https:\/\/servitotal.com\/elsalvador\/centro-de-soluciones\/\",\"url\":\"https:\/\/servitotal.com\/elsalvador\/centro-de-soluciones\/\",\"name\":\"SOLUCIONES - Servitotal El Salvador\",\"isPartOf\":{\"@id\":\"\/#website\"},\"primaryImageOfPage\":{\"@id\":\"https:\/\/servitotal.com\/elsalvador\/centro-de-soluciones\/#primaryimage\"},\"image\":{\"@id\":\"https:\/\/servitotal.com\/elsalvador\/centro-de-soluciones\/#primaryimage\"},\"thumbnailUrl\":\"https:\/\/servitotal.com\/elsalvador\/wp-content\/uploads\/sites\/2\/2019\/03\/ca1-contrata.jpg\",\"datePublished\":\"2019-03-04T21:11:33+00:00\",\"dateModified\":\"2025-05-06T19:01:39+00:00\",\"breadcrumb\":{\"@id\":\"https:\/\/servitotal.com\/elsalvador\/centro-de-soluciones\/#breadcrumb\"},\"inLanguage\":\"es\",\"potentialAction\":[{\"@type\":\"ReadAction\",\"target\":[\"https:\/\/servitotal.com\/elsalvador\/centro-de-soluciones\/\"]}]},{\"@type\":\"ImageObject\",\"inLanguage\":\"es\",\"@id\":\"https:\/\/servitotal.com\/elsalvador\/centro-de-soluciones\/#primaryimage\",\"url\":\"https:\/\/servitotal.com\/elsalvador\/wp-content\/uploads\/sites\/2\/2019\/03\/ca1-contrata.jpg\",\"contentUrl\":\"https:\/\/servitotal.com\/elsalvador\/wp-content\/uploads\/sites\/2\/2019\/03\/ca1-contrata.jpg\",\"width\":379,\"height\":234},{\"@type\":\"BreadcrumbList\",\"@id\":\"https:\/\/servitotal.com\/elsalvador\/centro-de-soluciones\/#breadcrumb\",\"itemListElement\":[{\"@type\":\"ListItem\",\"position\":1,\"name\":\"Portada\",\"item\":\"https:\/\/servitotal.com\/elsalvador\/\"},{\"@type\":\"ListItem\",\"position\":2,\"name\":\"SOLUCIONES\"}]},{\"@type\":\"WebSite\",\"@id\":\"\/#website\",\"url\":\"\/\",\"name\":\"Servitotal El Salvador\",\"description\":\"\",\"potentialAction\":[{\"@type\":\"SearchAction\",\"target\":{\"@type\":\"EntryPoint\",\"urlTemplate\":\"\/?s={search_term_string}\"},\"query-input\":{\"@type\":\"PropertyValueSpecification\",\"valueRequired\":true,\"valueName\":\"search_term_string\"}}],\"inLanguage\":\"es\"}]}<\/script>\n<!-- \/ Yoast SEO plugin. -->","yoast_head_json":{"title":"SOLUCIONES - Servitotal El Salvador","robots":{"index":"index","follow":"follow","max-snippet":"max-snippet:-1","max-image-preview":"max-image-preview:large","max-video-preview":"max-video-preview:-1"},"canonical":"https:\/\/servitotal.com\/elsalvador\/centro-de-soluciones\/","og_locale":"es_ES","og_type":"article","og_title":"SOLUCIONES - Servitotal El Salvador","og_description":"CENTRO VIRTUAL DE SOLUCIONES","og_url":"https:\/\/servitotal.com\/elsalvador\/centro-de-soluciones\/","og_site_name":"Servitotal El Salvador","article_modified_time":"2025-05-06T19:01:39+00:00","og_image":[{"url":"https:\/\/servitotal.com\/elsalvador\/wp-content\/uploads\/sites\/2\/2019\/03\/ca1-contrata.jpg","type":"","width":"","height":""}],"twitter_card":"summary_large_image","twitter_misc":{"Tiempo de lectura":"4 minutos"},"schema":{"@context":"https:\/\/schema.org","@graph":[{"@type":"WebPage","@id":"https:\/\/servitotal.com\/elsalvador\/centro-de-soluciones\/","url":"https:\/\/servitotal.com\/elsalvador\/centro-de-soluciones\/","name":"SOLUCIONES - Servitotal El Salvador","isPartOf":{"@id":"\/#website"},"primaryImageOfPage":{"@id":"https:\/\/servitotal.com\/elsalvador\/centro-de-soluciones\/#primaryimage"},"image":{"@id":"https:\/\/servitotal.com\/elsalvador\/centro-de-soluciones\/#primaryimage"},"thumbnailUrl":"https:\/\/servitotal.com\/elsalvador\/wp-content\/uploads\/sites\/2\/2019\/03\/ca1-contrata.jpg","datePublished":"2019-03-04T21:11:33+00:00","dateModified":"2025-05-06T19:01:39+00:00","breadcrumb":{"@id":"https:\/\/servitotal.com\/elsalvador\/centro-de-soluciones\/#breadcrumb"},"inLanguage":"es","potentialAction":[{"@type":"ReadAction","target":["https:\/\/servitotal.com\/elsalvador\/centro-de-soluciones\/"]}]},{"@type":"ImageObject","inLanguage":"es","@id":"https:\/\/servitotal.com\/elsalvador\/centro-de-soluciones\/#primaryimage","url":"https:\/\/servitotal.com\/elsalvador\/wp-content\/uploads\/sites\/2\/2019\/03\/ca1-contrata.jpg","contentUrl":"https:\/\/servitotal.com\/elsalvador\/wp-content\/uploads\/sites\/2\/2019\/03\/ca1-contrata.jpg","width":379,"height":234},{"@type":"BreadcrumbList","@id":"https:\/\/servitotal.com\/elsalvador\/centro-de-soluciones\/#breadcrumb","itemListElement":[{"@type":"ListItem","position":1,"name":"Portada","item":"https:\/\/servitotal.com\/elsalvador\/"},{"@type":"ListItem","position":2,"name":"SOLUCIONES"}]},{"@type":"WebSite","@id":"\/#website","url":"\/","name":"Servitotal El Salvador","description":"","potentialAction":[{"@type":"SearchAction","target":{"@type":"EntryPoint","urlTemplate":"\/?s={search_term_string}"},"query-input":{"@type":"PropertyValueSpecification","valueRequired":true,"valueName":"search_term_string"}}],"inLanguage":"es"}]}},"_links":{"self":[{"href":"https:\/\/servitotal.com\/elsalvador\/wp-json\/wp\/v2\/pages\/4421","targetHints":{"allow":["GET"]}}],"collection":[{"href":"https:\/\/servitotal.com\/elsalvador\/wp-json\/wp\/v2\/pages"}],"about":[{"href":"https:\/\/servitotal.com\/elsalvador\/wp-json\/wp\/v2\/types\/page"}],"author":[{"embeddable":true,"href":"https:\/\/servitotal.com\/elsalvador\/wp-json\/wp\/v2\/users\/1"}],"replies":[{"embeddable":true,"href":"https:\/\/servitotal.com\/elsalvador\/wp-json\/wp\/v2\/comments?post=4421"}],"version-history":[{"count":33,"href":"https:\/\/servitotal.com\/elsalvador\/wp-json\/wp\/v2\/pages\/4421\/revisions"}],"predecessor-version":[{"id":11665,"href":"https:\/\/servitotal.com\/elsalvador\/wp-json\/wp\/v2\/pages\/4421\/revisions\/11665"}],"wp:attachment":[{"href":"https:\/\/servitotal.com\/elsalvador\/wp-json\/wp\/v2\/media?parent=4421"}],"curies":[{"name":"wp","href":"https:\/\/api.w.org\/{rel}","templated":true}]}}