 {"id":4729,"date":"2019-03-18T22:45:12","date_gmt":"2019-03-18T21:45:12","guid":{"rendered":"https:\/\/servitotal.com\/guatemala\/?page_id=4729"},"modified":"2025-05-06T20:42:53","modified_gmt":"2025-05-06T18:42:53","slug":"nuestros-servicios","status":"publish","type":"page","link":"https:\/\/servitotal.com\/guatemala\/nuestros-servicios\/","title":{"rendered":"NUESTROS SERVICIOS"},"content":{"rendered":"\t\t<div data-elementor-type=\"wp-post\" data-elementor-id=\"4729\" class=\"elementor elementor-4729\" data-elementor-post-type=\"page\">\n\t\t\t\t\t\t<section class=\"elementor-section elementor-top-section elementor-element elementor-element-df72aa1 elementor-section-stretched elementor-section-full_width elementor-section-content-middle elementor-section-height-default elementor-section-height-default\" data-id=\"df72aa1\" data-element_type=\"section\" data-e-type=\"section\" data-settings=\"{&quot;background_background&quot;:&quot;classic&quot;,&quot;stretch_section&quot;:&quot;section-stretched&quot;}\">\n\t\t\t\t\t\t<div class=\"elementor-container elementor-column-gap-no\">\n\t\t\t\t\t<div class=\"elementor-column elementor-col-100 elementor-top-column elementor-element elementor-element-605991b\" data-id=\"605991b\" data-element_type=\"column\" data-e-type=\"column\">\n\t\t\t<div class=\"elementor-widget-wrap elementor-element-populated\">\n\t\t\t\t\t\t<div class=\"elementor-element elementor-element-6815e9a elementor-widget elementor-widget-heading\" data-id=\"6815e9a\" data-element_type=\"widget\" data-e-type=\"widget\" data-widget_type=\"heading.default\">\n\t\t\t\t<div class=\"elementor-widget-container\">\n\t\t\t\t\t<h2 class=\"elementor-heading-title elementor-size-default\">NUESTROS SERVICIOS<\/h2>\t\t\t\t<\/div>\n\t\t\t\t<\/div>\n\t\t\t\t\t<\/div>\n\t\t<\/div>\n\t\t\t\t\t<\/div>\n\t\t<\/section>\n\t\t\t\t<section class=\"elementor-section elementor-inner-section elementor-element elementor-element-01e6b79 elementor-section-boxed elementor-section-height-default elementor-section-height-default\" data-id=\"01e6b79\" data-element_type=\"section\" data-e-type=\"section\">\n\t\t\t\t\t\t<div class=\"elementor-container elementor-column-gap-default\">\n\t\t\t\t\t<div class=\"elementor-column elementor-col-50 elementor-inner-column elementor-element elementor-element-8d4635e\" data-id=\"8d4635e\" data-element_type=\"column\" data-e-type=\"column\">\n\t\t\t<div class=\"elementor-widget-wrap elementor-element-populated\">\n\t\t\t\t\t\t<div class=\"elementor-element elementor-element-566ce3b elementor-position-top elementor-widget elementor-widget-image-box\" data-id=\"566ce3b\" data-element_type=\"widget\" data-e-type=\"widget\" data-widget_type=\"image-box.default\">\n\t\t\t\t<div class=\"elementor-widget-container\">\n\t\t\t\t\t<div class=\"elementor-image-box-wrapper\"><figure class=\"elementor-image-box-img\"><a href=\"https:\/\/servitotal.com\/guatemala\/consulta-tu-orden\/\" tabindex=\"-1\"><img fetchpriority=\"high\" decoding=\"async\" width=\"300\" height=\"196\" src=\"https:\/\/servitotal.com\/guatemala\/wp-content\/uploads\/sites\/8\/2019\/03\/2019-03-18_1545-copia-300x196.jpg\" class=\"attachment-medium size-medium wp-image-4732\" alt=\"\" srcset=\"https:\/\/servitotal.com\/guatemala\/wp-content\/uploads\/sites\/8\/2019\/03\/2019-03-18_1545-copia-300x196.jpg 300w, https:\/\/servitotal.com\/guatemala\/wp-content\/uploads\/sites\/8\/2019\/03\/2019-03-18_1545-copia.jpg 521w\" sizes=\"(max-width: 300px) 100vw, 300px\" \/><\/a><\/figure><div class=\"elementor-image-box-content\"><h3 class=\"elementor-image-box-title\"><a href=\"https:\/\/servitotal.com\/guatemala\/consulta-tu-orden\/\">CONSULTA EL ESTADO DE TU ORDEN<\/a><\/h3><p class=\"elementor-image-box-description\">Ingresa ac\u00e1 para conocer el Estado de tu Orden de Servicio.<\/p><\/div><\/div>\t\t\t\t<\/div>\n\t\t\t\t<\/div>\n\t\t\t\t\t<\/div>\n\t\t<\/div>\n\t\t\t\t<div class=\"elementor-column elementor-col-50 elementor-inner-column elementor-element elementor-element-b0df92d\" data-id=\"b0df92d\" data-element_type=\"column\" data-e-type=\"column\">\n\t\t\t<div class=\"elementor-widget-wrap elementor-element-populated\">\n\t\t\t\t\t\t<div class=\"elementor-element elementor-element-67ff7b0 elementor-position-top elementor-widget elementor-widget-image-box\" data-id=\"67ff7b0\" data-element_type=\"widget\" data-e-type=\"widget\" data-widget_type=\"image-box.default\">\n\t\t\t\t<div class=\"elementor-widget-container\">\n\t\t\t\t\t<div class=\"elementor-image-box-wrapper\"><figure class=\"elementor-image-box-img\"><a href=\"https:\/\/servitotal.com\/guatemala\/solicita-tu-servicio\/\" tabindex=\"-1\"><img decoding=\"async\" width=\"300\" height=\"177\" src=\"https:\/\/servitotal.com\/guatemala\/wp-content\/uploads\/sites\/8\/2019\/03\/2019-03-18_1540-copia-300x177.jpg\" class=\"attachment-medium size-medium wp-image-4731\" alt=\"\" srcset=\"https:\/\/servitotal.com\/guatemala\/wp-content\/uploads\/sites\/8\/2019\/03\/2019-03-18_1540-copia-300x177.jpg 300w, https:\/\/servitotal.com\/guatemala\/wp-content\/uploads\/sites\/8\/2019\/03\/2019-03-18_1540-copia-600x355.jpg 600w, https:\/\/servitotal.com\/guatemala\/wp-content\/uploads\/sites\/8\/2019\/03\/2019-03-18_1540-copia.jpg 601w\" sizes=\"(max-width: 300px) 100vw, 300px\" \/><\/a><\/figure><div class=\"elementor-image-box-content\"><h3 class=\"elementor-image-box-title\"><a href=\"https:\/\/servitotal.com\/guatemala\/solicita-tu-servicio\/\">SOLICITA UNA REPARACI\u00d3N O MANTENIMIENTO<\/a><\/h3><p class=\"elementor-image-box-description\">Solicita tu servicio de reparaci\u00f3n o mantenimiento y ser\u00e1s contactado por nuestro personal de atenci\u00f3n al cliente<\/p><\/div><\/div>\t\t\t\t<\/div>\n\t\t\t\t<\/div>\n\t\t\t\t\t<\/div>\n\t\t<\/div>\n\t\t\t\t\t<\/div>\n\t\t<\/section>\n\t\t\t\t<section class=\"elementor-section elementor-inner-section elementor-element elementor-element-99aa0f1 elementor-section-boxed elementor-section-height-default elementor-section-height-default\" data-id=\"99aa0f1\" data-element_type=\"section\" data-e-type=\"section\">\n\t\t\t\t\t\t<div class=\"elementor-container elementor-column-gap-default\">\n\t\t\t\t\t<div class=\"elementor-column elementor-col-50 elementor-inner-column elementor-element elementor-element-ef5e143\" data-id=\"ef5e143\" data-element_type=\"column\" data-e-type=\"column\">\n\t\t\t<div class=\"elementor-widget-wrap elementor-element-populated\">\n\t\t\t\t\t\t<div class=\"elementor-element elementor-element-d344768 elementor-position-top elementor-widget elementor-widget-image-box\" data-id=\"d344768\" data-element_type=\"widget\" data-e-type=\"widget\" data-widget_type=\"image-box.default\">\n\t\t\t\t<div class=\"elementor-widget-container\">\n\t\t\t\t\t<div class=\"elementor-image-box-wrapper\"><figure class=\"elementor-image-box-img\"><a href=\"https:\/\/servitotal.com\/guatemala\/contrado-de-servicio\/\" tabindex=\"-1\"><img decoding=\"async\" width=\"300\" height=\"185\" src=\"https:\/\/servitotal.com\/guatemala\/wp-content\/uploads\/sites\/8\/2019\/02\/ca1.jpg\" class=\"attachment-medium size-medium wp-image-4265\" alt=\"\" \/><\/a><\/figure><div class=\"elementor-image-box-content\"><h3 class=\"elementor-image-box-title\"><a href=\"https:\/\/servitotal.com\/guatemala\/contrado-de-servicio\/\">ADQUIERE TU GARANT\u00cdA ADICIONAL<\/a><\/h3><p class=\"elementor-image-box-description\">Con un solo pago, recibes hasta 5 a\u00f1os de nuestros servicios.<\/p><\/div><\/div>\t\t\t\t<\/div>\n\t\t\t\t<\/div>\n\t\t\t\t\t<\/div>\n\t\t<\/div>\n\t\t\t\t<div class=\"elementor-column elementor-col-50 elementor-inner-column elementor-element elementor-element-9315533\" data-id=\"9315533\" data-element_type=\"column\" data-e-type=\"column\">\n\t\t\t<div class=\"elementor-widget-wrap elementor-element-populated\">\n\t\t\t\t\t\t<div class=\"elementor-element elementor-element-a475b5a elementor-position-top elementor-widget elementor-widget-image-box\" data-id=\"a475b5a\" data-element_type=\"widget\" data-e-type=\"widget\" data-widget_type=\"image-box.default\">\n\t\t\t\t<div class=\"elementor-widget-container\">\n\t\t\t\t\t<div class=\"elementor-image-box-wrapper\"><figure class=\"elementor-image-box-img\"><a href=\"https:\/\/servitotal.com\/guatemala\/solicita-tus-repuestos-originales\/\" tabindex=\"-1\"><img loading=\"lazy\" decoding=\"async\" width=\"300\" height=\"185\" src=\"https:\/\/servitotal.com\/guatemala\/wp-content\/uploads\/sites\/8\/2019\/02\/ca3.jpg\" class=\"attachment-medium size-medium wp-image-4267\" alt=\"\" \/><\/a><\/figure><div class=\"elementor-image-box-content\"><h3 class=\"elementor-image-box-title\"><a href=\"https:\/\/servitotal.com\/guatemala\/solicita-tus-repuestos-originales\/\">SOLICITA TUS REPUESTOS ORIGINALES<\/a><\/h3><p class=\"elementor-image-box-description\">Solo con nosotros, encuentras repuestos originales para tus productos TCL, Mastertech, y muchos m\u00e1s<\/p><\/div><\/div>\t\t\t\t<\/div>\n\t\t\t\t<\/div>\n\t\t\t\t\t<\/div>\n\t\t<\/div>\n\t\t\t\t\t<\/div>\n\t\t<\/section>\n\t\t\t\t<\/div>\n\t\t","protected":false},"excerpt":{"rendered":"<p>NUESTROS SERVICIOS CONSULTA EL ESTADO DE TU ORDEN Ingresa ac\u00e1 para conocer el Estado de tu Orden de Servicio. SOLICITA UNA REPARACI\u00d3N O MANTENIMIENTO Solicita tu servicio de reparaci\u00f3n o mantenimiento y ser\u00e1s contactado por nuestro personal de atenci\u00f3n al cliente ADQUIERE TU GARANT\u00cdA ADICIONAL Con un solo pago, recibes hasta 5 a\u00f1os de nuestros&#8230;<\/p>\n","protected":false},"author":1,"featured_media":0,"parent":0,"menu_order":0,"comment_status":"closed","ping_status":"closed","template":"template\/template-full-width.php","meta":{"_joinchat":[],"footnotes":""},"class_list":["post-4729","page","type-page","status-publish","hentry"],"_links":{"self":[{"href":"https:\/\/servitotal.com\/guatemala\/wp-json\/wp\/v2\/pages\/4729","targetHints":{"allow":["GET"]}}],"collection":[{"href":"https:\/\/servitotal.com\/guatemala\/wp-json\/wp\/v2\/pages"}],"about":[{"href":"https:\/\/servitotal.com\/guatemala\/wp-json\/wp\/v2\/types\/page"}],"author":[{"embeddable":true,"href":"https:\/\/servitotal.com\/guatemala\/wp-json\/wp\/v2\/users\/1"}],"replies":[{"embeddable":true,"href":"https:\/\/servitotal.com\/guatemala\/wp-json\/wp\/v2\/comments?post=4729"}],"version-history":[{"count":22,"href":"https:\/\/servitotal.com\/guatemala\/wp-json\/wp\/v2\/pages\/4729\/revisions"}],"predecessor-version":[{"id":8110,"href":"https:\/\/servitotal.com\/guatemala\/wp-json\/wp\/v2\/pages\/4729\/revisions\/8110"}],"wp:attachment":[{"href":"https:\/\/servitotal.com\/guatemala\/wp-json\/wp\/v2\/media?parent=4729"}],"curies":[{"name":"wp","href":"https:\/\/api.w.org\/{rel}","templated":true}]}}